{"id":329405,"date":"2025-04-11T09:05:17","date_gmt":"2025-04-11T12:05:17","guid":{"rendered":"https:\/\/www.livrariarema.com.br\/loja\/produtos\/sem%20categoria\/jogo-grow-domino-ja-sei-ler\/"},"modified":"2026-04-17T18:20:43","modified_gmt":"2026-04-17T21:20:43","slug":"jogo-grow-domino-ja-sei-ler","status":"publish","type":"product","link":"https:\/\/www.livrariarema.com.br\/loja\/produtos\/brinquedos\/domino\/jogo-grow-domino-ja-sei-ler\/","title":{"rendered":"Jogo Domin\u00f3 &#8211; Grow &#8211; Ja Sei Ler"},"content":{"rendered":"<p>Linha Brincando &amp; Aprendendo Grow<\/p>\n<p>Desenvolve o interesse pela leitura as palavras ao associ\u00e1-las \u00e0s imagens dos animais<\/p>\n<p>O Domin\u00f3 J\u00e1 Sei Ler induz a crian\u00e7a, de forma din\u00e2mica e divertida, a pensar antes de agir. Agora com fotografias de animais, o jogo incentiva a crian\u00e7a a juntar as cartelas correspondentes, associando cada fotografia com o nome do bicho. Estimule a crian\u00e7a ler as palavras em voz alta, a brincadeira ficar\u00e1 ainda mais legal!<\/p>\n<p>A partir de 5 anos<br \/>\nParticipantes: 2 a 4<br \/>\nCont\u00e9m: 28 cartelas e uma manual de instru\u00e7\u00f5es<\/p>\n","protected":false},"excerpt":{"rendered":"<p>Linha Brincando &amp; Aprendendo Grow Desenvolve o interesse pela leitura as palavras ao associ\u00e1-las \u00e0s imagens dos animais O Domin\u00f3&hellip;<\/p>\n","protected":false},"featured_media":329617,"comment_status":"open","ping_status":"closed","template":"","meta":[],"product_cat":[315,318],"product_tag":[],"_links":{"self":[{"href":"https:\/\/www.livrariarema.com.br\/loja\/wp-json\/wp\/v2\/product\/329405"}],"collection":[{"href":"https:\/\/www.livrariarema.com.br\/loja\/wp-json\/wp\/v2\/product"}],"about":[{"href":"https:\/\/www.livrariarema.com.br\/loja\/wp-json\/wp\/v2\/types\/product"}],"replies":[{"embeddable":true,"href":"https:\/\/www.livrariarema.com.br\/loja\/wp-json\/wp\/v2\/comments?post=329405"}],"wp:featuredmedia":[{"embeddable":true,"href":"https:\/\/www.livrariarema.com.br\/loja\/wp-json\/wp\/v2\/media\/329617"}],"wp:attachment":[{"href":"https:\/\/www.livrariarema.com.br\/loja\/wp-json\/wp\/v2\/media?parent=329405"}],"wp:term":[{"taxonomy":"product_cat","embeddable":true,"href":"https:\/\/www.livrariarema.com.br\/loja\/wp-json\/wp\/v2\/product_cat?post=329405"},{"taxonomy":"product_tag","embeddable":true,"href":"https:\/\/www.livrariarema.com.br\/loja\/wp-json\/wp\/v2\/product_tag?post=329405"}],"curies":[{"name":"wp","href":"https:\/\/api.w.org\/{rel}","templated":true}]}}