{"id":329407,"date":"2025-04-11T09:05:32","date_gmt":"2025-04-11T12:05:32","guid":{"rendered":"https:\/\/www.livrariarema.com.br\/loja\/produtos\/sem categoria\/jogo-grow-batalha-naval\/"},"modified":"2025-10-11T12:13:55","modified_gmt":"2025-10-11T15:13:55","slug":"jogo-grow-batalha-naval","status":"publish","type":"product","link":"https:\/\/www.livrariarema.com.br\/loja\/produtos\/brinquedos\/jogos-para-familia\/jogo-grow-batalha-naval\/","title":{"rendered":"Jogo &#8211; Grow &#8211; Batalha Naval"},"content":{"rendered":"<p>Jogo Batalha Naval<\/p>\n<p>Voc\u00ea gosta de jogos cl\u00e1ssicos de tabuleiro que trabalham sua mente, como Batalha Naval? Hoje \u00e9 seu dia de sorte!<\/p>\n<p>Simples e envolvente, o jogo Batalha Naval ajuda a resolver quest\u00f5es l\u00f3gicas, onde voc\u00ea tenta prever os passos do seu rival e afundar o m\u00e1ximo de embarca\u00e7\u00f5es!<\/p>\n<p>Aqui na Grow, voc\u00ea encontra o tabuleiro de Batalha Naval com algumas novidades, como novas embarca\u00e7\u00f5es e um novo pino torpedo para afundar automaticamente a embarca\u00e7\u00e3o inimiga, al\u00e9m de pe\u00e7as pl\u00e1sticas mais realistas e outros diferenciais!<\/p>\n<p>Como jogar Batalha Naval<\/p>\n<p>Batalha Naval \u00e9 ideal para jogadores a partir dos 8 anos! As regras envolvem duas tabelas em estojos com uma separa\u00e7\u00e3o no meio, onde cada regi\u00e3o representa um local onde as pe\u00e7as dos seus barcos podem estar.<\/p>\n<p>Depois disso, \u00e9 preciso usar sua l\u00f3gica e dedu\u00e7\u00e3o para disparar tiros certeiros e vencer essa batalha!<\/p>\n<p>Ainda \u00e9 poss\u00edvel levar os estojos para onde quiser, interrompendo a partida a qualquer momento e continuar a divers\u00e3o depois!<\/p>\n<p>Todas as regras de Batalha Naval est\u00e3o inclusas junto com o manual do jogo, onde basta encontrar um oponente, seguir as instru\u00e7\u00f5es e partir para a divers\u00e3o!<\/p>\n","protected":false},"excerpt":{"rendered":"<p>Jogo Batalha Naval Voc\u00ea gosta de jogos cl\u00e1ssicos de tabuleiro que trabalham sua mente, como Batalha Naval? Hoje \u00e9 seu&hellip;<\/p>\n","protected":false},"featured_media":329577,"comment_status":"open","ping_status":"closed","template":"","meta":[],"product_cat":[315,316],"product_tag":[],"_links":{"self":[{"href":"https:\/\/www.livrariarema.com.br\/loja\/wp-json\/wp\/v2\/product\/329407"}],"collection":[{"href":"https:\/\/www.livrariarema.com.br\/loja\/wp-json\/wp\/v2\/product"}],"about":[{"href":"https:\/\/www.livrariarema.com.br\/loja\/wp-json\/wp\/v2\/types\/product"}],"replies":[{"embeddable":true,"href":"https:\/\/www.livrariarema.com.br\/loja\/wp-json\/wp\/v2\/comments?post=329407"}],"wp:featuredmedia":[{"embeddable":true,"href":"https:\/\/www.livrariarema.com.br\/loja\/wp-json\/wp\/v2\/media\/329577"}],"wp:attachment":[{"href":"https:\/\/www.livrariarema.com.br\/loja\/wp-json\/wp\/v2\/media?parent=329407"}],"wp:term":[{"taxonomy":"product_cat","embeddable":true,"href":"https:\/\/www.livrariarema.com.br\/loja\/wp-json\/wp\/v2\/product_cat?post=329407"},{"taxonomy":"product_tag","embeddable":true,"href":"https:\/\/www.livrariarema.com.br\/loja\/wp-json\/wp\/v2\/product_tag?post=329407"}],"curies":[{"name":"wp","href":"https:\/\/api.w.org\/{rel}","templated":true}]}}