{"id":329409,"date":"2025-04-11T09:05:38","date_gmt":"2025-04-11T12:05:38","guid":{"rendered":"https:\/\/www.livrariarema.com.br\/loja\/produtos\/sem categoria\/jogo-grow-perfil-junior\/"},"modified":"2025-04-28T17:00:19","modified_gmt":"2025-04-28T20:00:19","slug":"jogo-grow-perfil-junior","status":"publish","type":"product","link":"https:\/\/www.livrariarema.com.br\/loja\/produtos\/brinquedos\/jogos-para-familia\/jogo-grow-perfil-junior\/","title":{"rendered":"Jogo &#8211; Grow &#8211; Perfil Junior"},"content":{"rendered":"<p>Jogo Perfil J\u00fanior<\/p>\n<p>Um cl\u00e1ssico agora pensado para a crian\u00e7ada!<\/p>\n<p>Chame os pequenos para se divertirem com o jogo Perfil J\u00fanior!<\/p>\n<p>Usando os moldes do jogo cl\u00e1ssico, as perguntas e desafios foram adaptados para a mente das crian\u00e7as.<\/p>\n<p>Ser\u00e1 que elas v\u00e3o conseguir descobrir o Perfil?<\/p>\n<p>Como jogar Perfil J\u00fanior?<\/p>\n<p>O jogo de tabuleiro Perfil J\u00fanior \u00e9 ideal para 2 a 6 participantes a partir dos 7 anos!<\/p>\n<p>Com conte\u00fado feito especialmente para crian\u00e7as, o jogo de perguntas traz dicas sobre pessoas, anos, coisas ou lugares para elas deduzirem a resposta!<\/p>\n<p>A cada rodada, uma carta com um perfil secreto \u00e9 sorteada. Um a cada vez, os jogadores v\u00e3o recebendo dicas sobre o perfil secreto em quest\u00e3o.<\/p>\n<p>Quanto menos dicas voc\u00ea utilizar para acertar, mais pontos ir\u00e1 ganhar!<\/p>\n<p>Todas as regras do jogo Perfil J\u00fanior est\u00e3o inclu\u00eddas junto com o manual do jogo. Basta encontrar suas companhias, seguir as regras e partir para a divers\u00e3o!<\/p>\n<p>Idade: A partir de 07 anos<br \/>\nParticipantes: 2 a 6 participantes<br \/>\nTempo estimado de jogo: Indeterminado<\/p>\n","protected":false},"excerpt":{"rendered":"<p>Jogo Perfil J\u00fanior Um cl\u00e1ssico agora pensado para a crian\u00e7ada! Chame os pequenos para se divertirem com o jogo Perfil&hellip;<\/p>\n","protected":false},"featured_media":329578,"comment_status":"open","ping_status":"closed","template":"","meta":[],"product_cat":[315,316],"product_tag":[],"_links":{"self":[{"href":"https:\/\/www.livrariarema.com.br\/loja\/wp-json\/wp\/v2\/product\/329409"}],"collection":[{"href":"https:\/\/www.livrariarema.com.br\/loja\/wp-json\/wp\/v2\/product"}],"about":[{"href":"https:\/\/www.livrariarema.com.br\/loja\/wp-json\/wp\/v2\/types\/product"}],"replies":[{"embeddable":true,"href":"https:\/\/www.livrariarema.com.br\/loja\/wp-json\/wp\/v2\/comments?post=329409"}],"wp:featuredmedia":[{"embeddable":true,"href":"https:\/\/www.livrariarema.com.br\/loja\/wp-json\/wp\/v2\/media\/329578"}],"wp:attachment":[{"href":"https:\/\/www.livrariarema.com.br\/loja\/wp-json\/wp\/v2\/media?parent=329409"}],"wp:term":[{"taxonomy":"product_cat","embeddable":true,"href":"https:\/\/www.livrariarema.com.br\/loja\/wp-json\/wp\/v2\/product_cat?post=329409"},{"taxonomy":"product_tag","embeddable":true,"href":"https:\/\/www.livrariarema.com.br\/loja\/wp-json\/wp\/v2\/product_tag?post=329409"}],"curies":[{"name":"wp","href":"https:\/\/api.w.org\/{rel}","templated":true}]}}