{"id":329415,"date":"2025-04-11T09:06:11","date_gmt":"2025-04-11T12:06:11","guid":{"rendered":"https:\/\/www.livrariarema.com.br\/loja\/produtos\/sem categoria\/jogo-de-memoria-grow-supermemoria-figuras-infantis\/"},"modified":"2025-12-19T13:11:21","modified_gmt":"2025-12-19T16:11:21","slug":"jogo-de-memoria-grow-supermemoria-figuras-infantis","status":"publish","type":"product","link":"https:\/\/www.livrariarema.com.br\/loja\/produtos\/brinquedos\/jogos-de-memoria\/jogo-de-memoria-grow-supermemoria-figuras-infantis\/","title":{"rendered":"Jogo De Mem\u00f3ria &#8211; Grow &#8211; Supermem\u00f3ria Figuras Infantis"},"content":{"rendered":"<p>O Super Mem\u00f3ria Figuras Infantis traz 54 cartelas com novas figuras, novo visual e agora novo tamanho de embalagem!<\/p>\n","protected":false},"excerpt":{"rendered":"<p>O Super Mem\u00f3ria Figuras Infantis traz 54 cartelas com novas figuras, novo visual e agora novo tamanho de embalagem!<\/p>\n","protected":false},"featured_media":339217,"comment_status":"open","ping_status":"closed","template":"","meta":[],"product_cat":[315,320],"product_tag":[],"_links":{"self":[{"href":"https:\/\/www.livrariarema.com.br\/loja\/wp-json\/wp\/v2\/product\/329415"}],"collection":[{"href":"https:\/\/www.livrariarema.com.br\/loja\/wp-json\/wp\/v2\/product"}],"about":[{"href":"https:\/\/www.livrariarema.com.br\/loja\/wp-json\/wp\/v2\/types\/product"}],"replies":[{"embeddable":true,"href":"https:\/\/www.livrariarema.com.br\/loja\/wp-json\/wp\/v2\/comments?post=329415"}],"wp:featuredmedia":[{"embeddable":true,"href":"https:\/\/www.livrariarema.com.br\/loja\/wp-json\/wp\/v2\/media\/339217"}],"wp:attachment":[{"href":"https:\/\/www.livrariarema.com.br\/loja\/wp-json\/wp\/v2\/media?parent=329415"}],"wp:term":[{"taxonomy":"product_cat","embeddable":true,"href":"https:\/\/www.livrariarema.com.br\/loja\/wp-json\/wp\/v2\/product_cat?post=329415"},{"taxonomy":"product_tag","embeddable":true,"href":"https:\/\/www.livrariarema.com.br\/loja\/wp-json\/wp\/v2\/product_tag?post=329415"}],"curies":[{"name":"wp","href":"https:\/\/api.w.org\/{rel}","templated":true}]}}