{"id":329421,"date":"2025-04-11T09:06:26","date_gmt":"2025-04-11T12:06:26","guid":{"rendered":"https:\/\/www.livrariarema.com.br\/loja\/produtos\/sem categoria\/jogo-grow-rummikub-junior\/"},"modified":"2025-06-12T17:51:46","modified_gmt":"2025-06-12T20:51:46","slug":"jogo-grow-rummikub-junior","status":"publish","type":"product","link":"https:\/\/www.livrariarema.com.br\/loja\/produtos\/brinquedos\/jogos-para-familia\/jogo-grow-rummikub-junior\/","title":{"rendered":"Jogo &#8211; Grow &#8211; Rummikub J\u00fanior"},"content":{"rendered":"<p>Com Rummikub J\u00fanior, as crian\u00e7as poder\u00e3o interagir e se divertir muito!<br \/>\nCada participante precisa conseguir baixar todas suas pe\u00e7as sobre a mesa para conquistar o maior n\u00famero de pontos. Para isso, a crian\u00e7a ir\u00e1 precisar formar sequ\u00eancias num\u00e9ricas da mesma cor, usando pe\u00e7as do seu suporte e as pe\u00e7as baixadas na mesa. Ent\u00e3o, a aten\u00e7\u00e3o \u00e9 essencial!<br \/>\nEste jogo \u00e9 adorado por crian\u00e7as do mundo todo. O melhor \u00e9 que al\u00e9m da brincadeira, Rummikub J\u00fanior auxilia na fixa\u00e7\u00e3o de sequ\u00eancias num\u00e9ricas e no desenvolvimento da concentra\u00e7\u00e3o.<\/p>\n<p>Mais de 55 Milh\u00f5es de jogos vendidos no mundo!<\/p>\n<p>Idade: A partir de 06 anos<br \/>\n2 a 4 Participantes<br \/>\nTempo estimado de jogo: 20 minutos<\/p>\n<p>Fichas cartonadas e suportes de pl\u00e1stico.<\/p>\n","protected":false},"excerpt":{"rendered":"<p>Com Rummikub J\u00fanior, as crian\u00e7as poder\u00e3o interagir e se divertir muito! Cada participante precisa conseguir baixar todas suas pe\u00e7as sobre&hellip;<\/p>\n","protected":false},"featured_media":329584,"comment_status":"open","ping_status":"closed","template":"","meta":[],"product_cat":[315,316],"product_tag":[],"_links":{"self":[{"href":"https:\/\/www.livrariarema.com.br\/loja\/wp-json\/wp\/v2\/product\/329421"}],"collection":[{"href":"https:\/\/www.livrariarema.com.br\/loja\/wp-json\/wp\/v2\/product"}],"about":[{"href":"https:\/\/www.livrariarema.com.br\/loja\/wp-json\/wp\/v2\/types\/product"}],"replies":[{"embeddable":true,"href":"https:\/\/www.livrariarema.com.br\/loja\/wp-json\/wp\/v2\/comments?post=329421"}],"wp:featuredmedia":[{"embeddable":true,"href":"https:\/\/www.livrariarema.com.br\/loja\/wp-json\/wp\/v2\/media\/329584"}],"wp:attachment":[{"href":"https:\/\/www.livrariarema.com.br\/loja\/wp-json\/wp\/v2\/media?parent=329421"}],"wp:term":[{"taxonomy":"product_cat","embeddable":true,"href":"https:\/\/www.livrariarema.com.br\/loja\/wp-json\/wp\/v2\/product_cat?post=329421"},{"taxonomy":"product_tag","embeddable":true,"href":"https:\/\/www.livrariarema.com.br\/loja\/wp-json\/wp\/v2\/product_tag?post=329421"}],"curies":[{"name":"wp","href":"https:\/\/api.w.org\/{rel}","templated":true}]}}