{"id":329423,"date":"2025-04-11T09:06:31","date_gmt":"2025-04-11T12:06:31","guid":{"rendered":"https:\/\/www.livrariarema.com.br\/loja\/produtos\/sem categoria\/jogo-grow-master\/"},"modified":"2025-09-11T16:11:06","modified_gmt":"2025-09-11T19:11:06","slug":"jogo-grow-master","status":"publish","type":"product","link":"https:\/\/www.livrariarema.com.br\/loja\/produtos\/brinquedos\/jogos-para-familia\/jogo-grow-master\/","title":{"rendered":"Jogo &#8211; Grow &#8211; Master"},"content":{"rendered":"<p>Jogo Master<\/p>\n<p>O cl\u00e1ssico est\u00e1 de volta! Re\u00fana seus amigos para se divertir com o incr\u00edvel jogo Master!<\/p>\n<p>Voc\u00ea deve provar que sabe muito a respeito dos mais diversos assuntos neste jogo de tabuleiro!<\/p>\n<p>Ser\u00e1 que voc\u00ea est\u00e1 preparado para responder?<\/p>\n<p>Como jogar Master?<\/p>\n<p>O jogo Master \u00e9 ideal para 2 a 6 participantes a partir de 14 anos de idade.<\/p>\n<p>Nesse jogo de conhecimentos gerais, voc\u00ea e seus oponentes ter\u00e3o mais de 2000 perguntas divididas em categorias como Artes, Ci\u00eancias e Tecnologia, Entretenimento, Esportes, Geografia e Hist\u00f3ria.<\/p>\n<p>Antes de respond\u00ea-las, voc\u00ea precisa apostar o n\u00famero de casas que voc\u00ea deseja andar no tabuleiro.<\/p>\n<p>Se voc\u00ea tem certeza da resposta, fale um n\u00famero alto. Se tiver d\u00favidas, \u00e9 melhor apostar um valor baixo.<\/p>\n<p>Tudo depende dos riscos que voc\u00ea tomar!<\/p>\n<p>Todas as regras do jogo de tabuleiro Master est\u00e3o inclu\u00eddas junto com o manual do jogo. Basta encontrar suas companhias, seguir as regras e partir para a divers\u00e3o!<\/p>\n<p>Idade: A partir de 14 anos<br \/>\nParticipantes: 2 a 6 participantes<br \/>\nTempo estimado de jogo: Indeterminado<\/p>\n","protected":false},"excerpt":{"rendered":"<p>Jogo Master O cl\u00e1ssico est\u00e1 de volta! Re\u00fana seus amigos para se divertir com o incr\u00edvel jogo Master! Voc\u00ea deve&hellip;<\/p>\n","protected":false},"featured_media":329585,"comment_status":"open","ping_status":"closed","template":"","meta":[],"product_cat":[315,316],"product_tag":[],"_links":{"self":[{"href":"https:\/\/www.livrariarema.com.br\/loja\/wp-json\/wp\/v2\/product\/329423"}],"collection":[{"href":"https:\/\/www.livrariarema.com.br\/loja\/wp-json\/wp\/v2\/product"}],"about":[{"href":"https:\/\/www.livrariarema.com.br\/loja\/wp-json\/wp\/v2\/types\/product"}],"replies":[{"embeddable":true,"href":"https:\/\/www.livrariarema.com.br\/loja\/wp-json\/wp\/v2\/comments?post=329423"}],"wp:featuredmedia":[{"embeddable":true,"href":"https:\/\/www.livrariarema.com.br\/loja\/wp-json\/wp\/v2\/media\/329585"}],"wp:attachment":[{"href":"https:\/\/www.livrariarema.com.br\/loja\/wp-json\/wp\/v2\/media?parent=329423"}],"wp:term":[{"taxonomy":"product_cat","embeddable":true,"href":"https:\/\/www.livrariarema.com.br\/loja\/wp-json\/wp\/v2\/product_cat?post=329423"},{"taxonomy":"product_tag","embeddable":true,"href":"https:\/\/www.livrariarema.com.br\/loja\/wp-json\/wp\/v2\/product_tag?post=329423"}],"curies":[{"name":"wp","href":"https:\/\/api.w.org\/{rel}","templated":true}]}}