{"id":329425,"date":"2025-04-11T09:07:01","date_gmt":"2025-04-11T12:07:01","guid":{"rendered":"https:\/\/www.livrariarema.com.br\/loja\/produtos\/sem categoria\/jogo-de-cartas-grow-super-trunfo-cidades-do-mundo\/"},"modified":"2025-11-07T09:50:39","modified_gmt":"2025-11-07T12:50:39","slug":"jogo-de-cartas-grow-super-trunfo-cidades-do-mundo","status":"publish","type":"product","link":"https:\/\/www.livrariarema.com.br\/loja\/produtos\/brinquedos\/jogos-de-cartas\/jogo-de-cartas-grow-super-trunfo-cidades-do-mundo\/","title":{"rendered":"Jogo De Cartas &#8211; Grow &#8211; Super Trunfo &#8211; Cidades Do Mundo"},"content":{"rendered":"<p>Super Trunfo Pa\u00edses traz 32 cartas com fotos incr\u00edveis de 32 cidades do mundo. Em qual item a cidade da sua carta \u00e9 melhor? Ser\u00e1 na \u00e0rea? Na popula\u00e7\u00e3o? Ou voc\u00ea tem o Super Trunfo? Escolha, compare e ven\u00e7a esta emocionante disputa!<\/p>\n<p>A partir de 7 anos<br \/>\nDe 2 a 8 participantes.<\/p>\n","protected":false},"excerpt":{"rendered":"<p>Super Trunfo Pa\u00edses traz 32 cartas com fotos incr\u00edveis de 32 cidades do mundo. Em qual item a cidade da&hellip;<\/p>\n","protected":false},"featured_media":329586,"comment_status":"open","ping_status":"closed","template":"","meta":[],"product_cat":[315,317],"product_tag":[],"_links":{"self":[{"href":"https:\/\/www.livrariarema.com.br\/loja\/wp-json\/wp\/v2\/product\/329425"}],"collection":[{"href":"https:\/\/www.livrariarema.com.br\/loja\/wp-json\/wp\/v2\/product"}],"about":[{"href":"https:\/\/www.livrariarema.com.br\/loja\/wp-json\/wp\/v2\/types\/product"}],"replies":[{"embeddable":true,"href":"https:\/\/www.livrariarema.com.br\/loja\/wp-json\/wp\/v2\/comments?post=329425"}],"wp:featuredmedia":[{"embeddable":true,"href":"https:\/\/www.livrariarema.com.br\/loja\/wp-json\/wp\/v2\/media\/329586"}],"wp:attachment":[{"href":"https:\/\/www.livrariarema.com.br\/loja\/wp-json\/wp\/v2\/media?parent=329425"}],"wp:term":[{"taxonomy":"product_cat","embeddable":true,"href":"https:\/\/www.livrariarema.com.br\/loja\/wp-json\/wp\/v2\/product_cat?post=329425"},{"taxonomy":"product_tag","embeddable":true,"href":"https:\/\/www.livrariarema.com.br\/loja\/wp-json\/wp\/v2\/product_tag?post=329425"}],"curies":[{"name":"wp","href":"https:\/\/api.w.org\/{rel}","templated":true}]}}