{"id":329427,"date":"2025-04-11T09:07:08","date_gmt":"2025-04-11T12:07:08","guid":{"rendered":"https:\/\/www.livrariarema.com.br\/loja\/produtos\/sem categoria\/quebra-cabecas-grow-100-pecas-aves\/"},"modified":"2025-10-18T11:40:51","modified_gmt":"2025-10-18T14:40:51","slug":"quebra-cabecas-grow-100-pecas-aves","status":"publish","type":"product","link":"https:\/\/www.livrariarema.com.br\/loja\/produtos\/brinquedos\/quebra-cabecas\/quebra-cabecas-grow-100-pecas-aves\/","title":{"rendered":"Quebra-Cabe\u00e7as &#8211; Grow &#8211; 100 Pe\u00e7as &#8211; Aves"},"content":{"rendered":"<p>N\u00e3o deixe de brincar e se divertir com este quebra-cabe\u00e7a! S\u00e3o 100 pe\u00e7as, para voc\u00ea encaixar uma a uma at\u00e9 formar uma linda imagem. Mais que um passatempo divertido, os quebra-cabe\u00e7as desenvolvem o racioc\u00ednio, relaxam e se transformam num aut\u00eantico hobby.<\/p>\n<p>Quebra-cabe\u00e7a de 100 pe\u00e7as<br \/>\nA partir de 6 anos<br \/>\nDimens\u00f5es da imagem: 36,3 x 24,6 cm<\/p>\n","protected":false},"excerpt":{"rendered":"<p>N\u00e3o deixe de brincar e se divertir com este quebra-cabe\u00e7a! S\u00e3o 100 pe\u00e7as, para voc\u00ea encaixar uma a uma at\u00e9&hellip;<\/p>\n","protected":false},"featured_media":329587,"comment_status":"open","ping_status":"closed","template":"","meta":[],"product_cat":[315,321],"product_tag":[],"_links":{"self":[{"href":"https:\/\/www.livrariarema.com.br\/loja\/wp-json\/wp\/v2\/product\/329427"}],"collection":[{"href":"https:\/\/www.livrariarema.com.br\/loja\/wp-json\/wp\/v2\/product"}],"about":[{"href":"https:\/\/www.livrariarema.com.br\/loja\/wp-json\/wp\/v2\/types\/product"}],"replies":[{"embeddable":true,"href":"https:\/\/www.livrariarema.com.br\/loja\/wp-json\/wp\/v2\/comments?post=329427"}],"wp:featuredmedia":[{"embeddable":true,"href":"https:\/\/www.livrariarema.com.br\/loja\/wp-json\/wp\/v2\/media\/329587"}],"wp:attachment":[{"href":"https:\/\/www.livrariarema.com.br\/loja\/wp-json\/wp\/v2\/media?parent=329427"}],"wp:term":[{"taxonomy":"product_cat","embeddable":true,"href":"https:\/\/www.livrariarema.com.br\/loja\/wp-json\/wp\/v2\/product_cat?post=329427"},{"taxonomy":"product_tag","embeddable":true,"href":"https:\/\/www.livrariarema.com.br\/loja\/wp-json\/wp\/v2\/product_tag?post=329427"}],"curies":[{"name":"wp","href":"https:\/\/api.w.org\/{rel}","templated":true}]}}