{"id":329429,"date":"2025-04-11T09:07:15","date_gmt":"2025-04-11T12:07:15","guid":{"rendered":"https:\/\/www.livrariarema.com.br\/loja\/produtos\/sem categoria\/jogo-de-memoria-grow-supermemoria-dinossauros\/"},"modified":"2025-12-18T15:20:48","modified_gmt":"2025-12-18T18:20:48","slug":"jogo-de-memoria-grow-supermemoria-dinossauros","status":"publish","type":"product","link":"https:\/\/www.livrariarema.com.br\/loja\/produtos\/brinquedos\/jogos-de-memoria\/jogo-de-memoria-grow-supermemoria-dinossauros\/","title":{"rendered":"Jogo De Mem\u00f3ria &#8211; Grow &#8211; Supermem\u00f3ria Dinossauros"},"content":{"rendered":"<p>ogo Super Mem\u00f3ria Dinossauros<\/p>\n<p>Esse jogo de cartas atrai tanto os amantes de dinossauros quanto aqueles que n\u00e3o conhecem muito esses animais.<br \/>\nOs 54 pares s\u00e3o 54 diferentes esp\u00e9cies de dinossauros, com fotos deles em diversas situa\u00e7\u00f5es.<\/p>\n<p>Desafie seus amigos para descobrir quem consegue memorizar mais cartas e ser o campe\u00e3o da brincadeira!<\/p>\n<p>Como jogar Super Mem\u00f3ria Dinossauros?<\/p>\n<p>\u00c9 como qualquer outro jogo da mem\u00f3ria. Com as cartas viradas para baixo, cada jogador na sua vez precisa virar duas delas, tentando acertar o par.<\/p>\n<p>Quando acertar, o jogador retira as cartas e fica com elas. No final, vence aquele que tiver mais pares.<\/p>\n<p>Como s\u00e3o muitas cartas, \u00e9 poss\u00edvel aumentar a dificuldade progressivamente. Por exemplo: come\u00e7ar com 20 pares at\u00e9 chegar a 54.<\/p>\n<p>Assim, os participantes podem desenvolver ou exercitar suas habilidades de percep\u00e7\u00e3o e mem\u00f3ria de forma divertida e motivadora.<\/p>\n<p>Super Mem\u00f3ria Dinossauros \u00e9 indicado para crian\u00e7as a partir dos 4 anos e vem com manual de instru\u00e7\u00f5es acompanhando a caixa.<\/p>\n","protected":false},"excerpt":{"rendered":"<p>ogo Super Mem\u00f3ria Dinossauros Esse jogo de cartas atrai tanto os amantes de dinossauros quanto aqueles que n\u00e3o conhecem muito&hellip;<\/p>\n","protected":false},"featured_media":329588,"comment_status":"open","ping_status":"closed","template":"","meta":[],"product_cat":[315,320],"product_tag":[],"_links":{"self":[{"href":"https:\/\/www.livrariarema.com.br\/loja\/wp-json\/wp\/v2\/product\/329429"}],"collection":[{"href":"https:\/\/www.livrariarema.com.br\/loja\/wp-json\/wp\/v2\/product"}],"about":[{"href":"https:\/\/www.livrariarema.com.br\/loja\/wp-json\/wp\/v2\/types\/product"}],"replies":[{"embeddable":true,"href":"https:\/\/www.livrariarema.com.br\/loja\/wp-json\/wp\/v2\/comments?post=329429"}],"wp:featuredmedia":[{"embeddable":true,"href":"https:\/\/www.livrariarema.com.br\/loja\/wp-json\/wp\/v2\/media\/329588"}],"wp:attachment":[{"href":"https:\/\/www.livrariarema.com.br\/loja\/wp-json\/wp\/v2\/media?parent=329429"}],"wp:term":[{"taxonomy":"product_cat","embeddable":true,"href":"https:\/\/www.livrariarema.com.br\/loja\/wp-json\/wp\/v2\/product_cat?post=329429"},{"taxonomy":"product_tag","embeddable":true,"href":"https:\/\/www.livrariarema.com.br\/loja\/wp-json\/wp\/v2\/product_tag?post=329429"}],"curies":[{"name":"wp","href":"https:\/\/api.w.org\/{rel}","templated":true}]}}