{"id":329437,"date":"2025-04-11T09:07:51","date_gmt":"2025-04-11T12:07:51","guid":{"rendered":"https:\/\/www.livrariarema.com.br\/loja\/produtos\/sem categoria\/jogo-grow-rummikub-joy-palavras\/"},"modified":"2026-04-04T10:11:27","modified_gmt":"2026-04-04T13:11:27","slug":"jogo-grow-rummikub-joy-palavras","status":"publish","type":"product","link":"https:\/\/www.livrariarema.com.br\/loja\/produtos\/brinquedos\/jogos-para-familia\/jogo-grow-rummikub-joy-palavras\/","title":{"rendered":"Jogo &#8211; Grow &#8211; Rummikub Joy Palavras"},"content":{"rendered":"<p>O Cl\u00e1ssico Rummikub agora em uma vers\u00e3o com letras: o objetivo \u00e9 formar palavras longas para vencer.<br \/>\nAs palavras completas podem ser colocadas na mesa, ou letras podem ser adicionadas \u00e0s palavras atuais. Aquelas que j\u00e1 est\u00e3o na mesa podem ser separadas, e suas letras usadas para formar novas palavras, desde que, no final do turno do jogador, ele tenha adicionado pelo menos uma nova pe\u00e7a.<br \/>\nTodas as letras na mesa devem ter sido usadas para formar palavras v\u00e1lidas e \u00fanicas e a palavra nova mais longa deve conter pelo menos uma letra de seu rack para o jogador da rodada pontuar.<br \/>\nRummikub Joy Palavras \u00e9 divers\u00e3o garantida para fam\u00edlia e amigos de todas as idades!<\/p>\n<p>Pe\u00e7as cartonadas<\/p>\n<p>A partir de 7 anos<br \/>\nParticipantes: 2 a 4<br \/>\nTempo aproximado de jogo: 40 minutos<\/p>\n","protected":false},"excerpt":{"rendered":"<p>O Cl\u00e1ssico Rummikub agora em uma vers\u00e3o com letras: o objetivo \u00e9 formar palavras longas para vencer. As palavras completas&hellip;<\/p>\n","protected":false},"featured_media":339290,"comment_status":"open","ping_status":"closed","template":"","meta":[],"product_cat":[315,316],"product_tag":[],"_links":{"self":[{"href":"https:\/\/www.livrariarema.com.br\/loja\/wp-json\/wp\/v2\/product\/329437"}],"collection":[{"href":"https:\/\/www.livrariarema.com.br\/loja\/wp-json\/wp\/v2\/product"}],"about":[{"href":"https:\/\/www.livrariarema.com.br\/loja\/wp-json\/wp\/v2\/types\/product"}],"replies":[{"embeddable":true,"href":"https:\/\/www.livrariarema.com.br\/loja\/wp-json\/wp\/v2\/comments?post=329437"}],"wp:featuredmedia":[{"embeddable":true,"href":"https:\/\/www.livrariarema.com.br\/loja\/wp-json\/wp\/v2\/media\/339290"}],"wp:attachment":[{"href":"https:\/\/www.livrariarema.com.br\/loja\/wp-json\/wp\/v2\/media?parent=329437"}],"wp:term":[{"taxonomy":"product_cat","embeddable":true,"href":"https:\/\/www.livrariarema.com.br\/loja\/wp-json\/wp\/v2\/product_cat?post=329437"},{"taxonomy":"product_tag","embeddable":true,"href":"https:\/\/www.livrariarema.com.br\/loja\/wp-json\/wp\/v2\/product_tag?post=329437"}],"curies":[{"name":"wp","href":"https:\/\/api.w.org\/{rel}","templated":true}]}}