{"id":329439,"date":"2025-04-11T09:07:55","date_gmt":"2025-04-11T12:07:55","guid":{"rendered":"https:\/\/www.livrariarema.com.br\/loja\/produtos\/sem categoria\/jogo-de-cartas-grow-super-trunfo-sistema-solar\/"},"modified":"2025-12-12T14:50:38","modified_gmt":"2025-12-12T17:50:38","slug":"jogo-de-cartas-grow-super-trunfo-sistema-solar","status":"publish","type":"product","link":"https:\/\/www.livrariarema.com.br\/loja\/produtos\/brinquedos\/jogos-de-cartas\/jogo-de-cartas-grow-super-trunfo-sistema-solar\/","title":{"rendered":"Jogo De Cartas &#8211; Grow &#8211; Super Trunfo &#8211; Sistema Solar"},"content":{"rendered":"<p>Super Trunfo da Grow com o tema Sistema Solar! Esse jogo \u00e9 uma maneira divertida e educativa de aprender sobre os planetas e suas caracter\u00edsticas.<\/p>\n<p>No Super Trunfo, os jogadores podem comparar diferentes aspectos dos planetas, como a dist\u00e2ncia da Terra, dist\u00e2ncia ao Sol, a circunfer\u00eancia dos planetas, quantas horas tem um dia em cada um deles ou quantos dias comp\u00f5em um ano. Isso n\u00e3o s\u00f3 torna o jogo emocionante, mas tamb\u00e9m ajuda a entender melhor o nosso sistema solar.<\/p>\n<p>Com 2 a 8 participantes, o jogo \u00e9 perfeito para reunir amigos e familiares. A estrat\u00e9gia \u00e9 escolher as cartas com as melhores estat\u00edsticas para vencer as rodadas. \u00c9 uma \u00f3tima maneira de aprender enquanto se diverte!<\/p>\n<p>A partir de 7 anos<\/p>\n","protected":false},"excerpt":{"rendered":"<p>Super Trunfo da Grow com o tema Sistema Solar! Esse jogo \u00e9 uma maneira divertida e educativa de aprender sobre&hellip;<\/p>\n","protected":false},"featured_media":329593,"comment_status":"open","ping_status":"closed","template":"","meta":[],"product_cat":[315,317],"product_tag":[],"_links":{"self":[{"href":"https:\/\/www.livrariarema.com.br\/loja\/wp-json\/wp\/v2\/product\/329439"}],"collection":[{"href":"https:\/\/www.livrariarema.com.br\/loja\/wp-json\/wp\/v2\/product"}],"about":[{"href":"https:\/\/www.livrariarema.com.br\/loja\/wp-json\/wp\/v2\/types\/product"}],"replies":[{"embeddable":true,"href":"https:\/\/www.livrariarema.com.br\/loja\/wp-json\/wp\/v2\/comments?post=329439"}],"wp:featuredmedia":[{"embeddable":true,"href":"https:\/\/www.livrariarema.com.br\/loja\/wp-json\/wp\/v2\/media\/329593"}],"wp:attachment":[{"href":"https:\/\/www.livrariarema.com.br\/loja\/wp-json\/wp\/v2\/media?parent=329439"}],"wp:term":[{"taxonomy":"product_cat","embeddable":true,"href":"https:\/\/www.livrariarema.com.br\/loja\/wp-json\/wp\/v2\/product_cat?post=329439"},{"taxonomy":"product_tag","embeddable":true,"href":"https:\/\/www.livrariarema.com.br\/loja\/wp-json\/wp\/v2\/product_tag?post=329439"}],"curies":[{"name":"wp","href":"https:\/\/api.w.org\/{rel}","templated":true}]}}