{"id":329465,"date":"2025-04-16T10:47:09","date_gmt":"2025-04-16T13:47:09","guid":{"rendered":"https:\/\/www.livrariarema.com.br\/loja\/produtos\/sem categoria\/jesus-esta-vivo-josh-mcdowell-sean-mcdowell\/"},"modified":"2026-04-01T16:54:53","modified_gmt":"2026-04-01T19:54:53","slug":"jesus-esta-vivo-josh-mcdowell-sean-mcdowell","status":"publish","type":"product","link":"https:\/\/www.livrariarema.com.br\/loja\/produtos\/livros\/infantil\/jesus-esta-vivo-josh-mcdowell-sean-mcdowell\/","title":{"rendered":"Jesus Est\u00e1 Vivo! &#8211; Josh Mcdowell, Sean Mcdowell"},"content":{"rendered":"<p>O principal temor dos pais crist\u00e3os \u00e9 n\u00e3o serem capazes de transmitir os valores da Palavra de Deus para seus filhos.<\/p>\n<p>Nessas p\u00e1ginas, de forma pr\u00e1tica e objetiva, voc\u00ea encontrar\u00e1 todo o aux\u00edlio necess\u00e1rio para, desde cedo, criar filhos comprometidos com Cristo e seus ensinamentos. Alcance seu filho, antes que mundo o fa\u00e7a.<\/p>\n","protected":false},"excerpt":{"rendered":"<p>O principal temor dos pais crist\u00e3os \u00e9 n\u00e3o serem capazes de transmitir os valores da Palavra de Deus para seus&hellip;<\/p>\n","protected":false},"featured_media":329464,"comment_status":"open","ping_status":"closed","template":"","meta":[],"product_cat":[144,134],"product_tag":[],"_links":{"self":[{"href":"https:\/\/www.livrariarema.com.br\/loja\/wp-json\/wp\/v2\/product\/329465"}],"collection":[{"href":"https:\/\/www.livrariarema.com.br\/loja\/wp-json\/wp\/v2\/product"}],"about":[{"href":"https:\/\/www.livrariarema.com.br\/loja\/wp-json\/wp\/v2\/types\/product"}],"replies":[{"embeddable":true,"href":"https:\/\/www.livrariarema.com.br\/loja\/wp-json\/wp\/v2\/comments?post=329465"}],"wp:featuredmedia":[{"embeddable":true,"href":"https:\/\/www.livrariarema.com.br\/loja\/wp-json\/wp\/v2\/media\/329464"}],"wp:attachment":[{"href":"https:\/\/www.livrariarema.com.br\/loja\/wp-json\/wp\/v2\/media?parent=329465"}],"wp:term":[{"taxonomy":"product_cat","embeddable":true,"href":"https:\/\/www.livrariarema.com.br\/loja\/wp-json\/wp\/v2\/product_cat?post=329465"},{"taxonomy":"product_tag","embeddable":true,"href":"https:\/\/www.livrariarema.com.br\/loja\/wp-json\/wp\/v2\/product_tag?post=329465"}],"curies":[{"name":"wp","href":"https:\/\/api.w.org\/{rel}","templated":true}]}}