{"id":329474,"date":"2025-04-16T10:52:21","date_gmt":"2025-04-16T13:52:21","guid":{"rendered":"https:\/\/www.livrariarema.com.br\/loja\/produtos\/sem categoria\/jesus-o-senhor-segundo-o-apostolo-paulo-gordon-d-fee\/"},"modified":"2025-11-21T10:00:59","modified_gmt":"2025-11-21T13:00:59","slug":"jesus-o-senhor-segundo-o-apostolo-paulo-gordon-d-fee","status":"publish","type":"product","link":"https:\/\/www.livrariarema.com.br\/loja\/produtos\/livros\/estudo-biblico\/jesus-o-senhor-segundo-o-apostolo-paulo-gordon-d-fee\/","title":{"rendered":"Jesus O Senhor Segundo O Ap\u00f3stolo Paulo &#8211; Gordon D. Fee"},"content":{"rendered":"<p>Exegeticamente embasado e teologicamente sint\u00e9tico, este trabalho do reverenciado acad\u00eamico pentecostal Gordon Fee fornece uma clara, concisa e acess\u00edvel s\u00edntese dos ensinos de Paulo sobre Jesus.<br \/>\nAtrav\u00e9s dos anos, Fee tem escrito e ensinado extensamente sobre o entendimento de Paulo acerca da pessoa de Cristo e, nesta obra, oferece o resultado de seu trabalho exeg\u00e9tico para qualquer leitor interessado das Sagradas Escrituras.<\/p>\n","protected":false},"excerpt":{"rendered":"<p>Exegeticamente embasado e teologicamente sint\u00e9tico, este trabalho do reverenciado acad\u00eamico pentecostal Gordon Fee fornece uma clara, concisa e acess\u00edvel s\u00edntese&hellip;<\/p>\n","protected":false},"featured_media":329473,"comment_status":"open","ping_status":"closed","template":"","meta":[],"product_cat":[161,134],"product_tag":[],"_links":{"self":[{"href":"https:\/\/www.livrariarema.com.br\/loja\/wp-json\/wp\/v2\/product\/329474"}],"collection":[{"href":"https:\/\/www.livrariarema.com.br\/loja\/wp-json\/wp\/v2\/product"}],"about":[{"href":"https:\/\/www.livrariarema.com.br\/loja\/wp-json\/wp\/v2\/types\/product"}],"replies":[{"embeddable":true,"href":"https:\/\/www.livrariarema.com.br\/loja\/wp-json\/wp\/v2\/comments?post=329474"}],"wp:featuredmedia":[{"embeddable":true,"href":"https:\/\/www.livrariarema.com.br\/loja\/wp-json\/wp\/v2\/media\/329473"}],"wp:attachment":[{"href":"https:\/\/www.livrariarema.com.br\/loja\/wp-json\/wp\/v2\/media?parent=329474"}],"wp:term":[{"taxonomy":"product_cat","embeddable":true,"href":"https:\/\/www.livrariarema.com.br\/loja\/wp-json\/wp\/v2\/product_cat?post=329474"},{"taxonomy":"product_tag","embeddable":true,"href":"https:\/\/www.livrariarema.com.br\/loja\/wp-json\/wp\/v2\/product_tag?post=329474"}],"curies":[{"name":"wp","href":"https:\/\/api.w.org\/{rel}","templated":true}]}}