{"id":329486,"date":"2025-04-16T10:54:52","date_gmt":"2025-04-16T13:54:52","guid":{"rendered":"https:\/\/www.livrariarema.com.br\/loja\/produtos\/sem categoria\/biblia-de-valores\/"},"modified":"2025-12-05T10:01:02","modified_gmt":"2025-12-05T13:01:02","slug":"biblia-de-valores","status":"publish","type":"product","link":"https:\/\/www.livrariarema.com.br\/loja\/produtos\/biblias\/infantil-biblias\/biblia-de-valores\/","title":{"rendered":"B\u00edblia De Valores"},"content":{"rendered":"<p>S\u00e3o mais de 60 hist\u00f3rias divertidas e emocionantes que mostram os personagens b\u00edblicos que fizeram boas ou m\u00e1s escolhas, sendo aben\u00e7oados ou vivendo com as consequ\u00eancias negativas. Contadas de maneira cativante, essas hist\u00f3rias refletem o tema central da campanha &#8220;O Certo do Errado&#8221;, de Josh Mcdowell, que incentiva a tomada de decis\u00e3o correta. Estas hist\u00f3rias ajudar\u00e3o a fixar os valores b\u00edblicos em seus filhos &#8211; valores que os levar\u00e3o a tomar decis\u00f5es certas ao longo da vida.<\/p>\n","protected":false},"excerpt":{"rendered":"<p>S\u00e3o mais de 60 hist\u00f3rias divertidas e emocionantes que mostram os personagens b\u00edblicos que fizeram boas ou m\u00e1s escolhas, sendo&hellip;<\/p>\n","protected":false},"featured_media":329485,"comment_status":"open","ping_status":"closed","template":"","meta":[],"product_cat":[139,202],"product_tag":[],"_links":{"self":[{"href":"https:\/\/www.livrariarema.com.br\/loja\/wp-json\/wp\/v2\/product\/329486"}],"collection":[{"href":"https:\/\/www.livrariarema.com.br\/loja\/wp-json\/wp\/v2\/product"}],"about":[{"href":"https:\/\/www.livrariarema.com.br\/loja\/wp-json\/wp\/v2\/types\/product"}],"replies":[{"embeddable":true,"href":"https:\/\/www.livrariarema.com.br\/loja\/wp-json\/wp\/v2\/comments?post=329486"}],"wp:featuredmedia":[{"embeddable":true,"href":"https:\/\/www.livrariarema.com.br\/loja\/wp-json\/wp\/v2\/media\/329485"}],"wp:attachment":[{"href":"https:\/\/www.livrariarema.com.br\/loja\/wp-json\/wp\/v2\/media?parent=329486"}],"wp:term":[{"taxonomy":"product_cat","embeddable":true,"href":"https:\/\/www.livrariarema.com.br\/loja\/wp-json\/wp\/v2\/product_cat?post=329486"},{"taxonomy":"product_tag","embeddable":true,"href":"https:\/\/www.livrariarema.com.br\/loja\/wp-json\/wp\/v2\/product_tag?post=329486"}],"curies":[{"name":"wp","href":"https:\/\/api.w.org\/{rel}","templated":true}]}}