{"id":329488,"date":"2025-04-16T10:54:57","date_gmt":"2025-04-16T13:54:57","guid":{"rendered":"https:\/\/www.livrariarema.com.br\/loja\/produtos\/sem categoria\/harpa-crista-grande-luxo-centenario-vinho\/"},"modified":"2025-05-14T18:03:57","modified_gmt":"2025-05-14T21:03:57","slug":"harpa-crista-grande-luxo-centenario-vinho","status":"publish","type":"product","link":"https:\/\/www.livrariarema.com.br\/loja\/produtos\/livros\/harpas\/harpa-crista-grande-luxo-centenario-vinho\/","title":{"rendered":"Harpa Crista Grande Luxo &#8211; Centenario &#8211; Vinho"},"content":{"rendered":"<p>Os 636 belos e inspirados hinos da Harpa Crist\u00e3, o Hin\u00e1rio Oficial das Assembleias de Deus, levam seus ouvintes para ainda mais perto do Pai. Tenha em m\u00e3os essa vers\u00e3o de luxo da edi\u00e7\u00e3o comemorativa do Centen\u00e1rio da Harpa Crist\u00e3, o hin\u00e1rio pentecostal do Brasil.<br \/>\nDe formato agrad\u00e1vel, f\u00e1cil leitura e beira dourada. Uma linda lembran\u00e7a para um momento especial da hist\u00f3ria do Movimento Pentecostal.<\/p>\n<p>Neste exemplar voc\u00ea encontra:<br \/>\n&#8211; Fita &#8211; Marcador de p\u00e1gina;<br \/>\n&#8211; \u00cdndice das Hist\u00f3rias dos 101 Hinos no Livro &#8220;A Hist\u00f3ria dos Hinos que Amamos&#8221;;<br \/>\n&#8211; Resumo da hist\u00f3ria de grandes cl\u00e1ssicos da hinologia crist\u00e3 mundial<br \/>\n&#8211; \u00cdndice das Primeiras Linhas dos Estribilhos;<br \/>\n&#8211; \u00cdndice das Primeiras Linhas das Estrofes.<\/p>\n","protected":false},"excerpt":{"rendered":"<p>Os 636 belos e inspirados hinos da Harpa Crist\u00e3, o Hin\u00e1rio Oficial das Assembleias de Deus, levam seus ouvintes para&hellip;<\/p>\n","protected":false},"featured_media":329487,"comment_status":"open","ping_status":"closed","template":"","meta":[],"product_cat":[221,134],"product_tag":[],"_links":{"self":[{"href":"https:\/\/www.livrariarema.com.br\/loja\/wp-json\/wp\/v2\/product\/329488"}],"collection":[{"href":"https:\/\/www.livrariarema.com.br\/loja\/wp-json\/wp\/v2\/product"}],"about":[{"href":"https:\/\/www.livrariarema.com.br\/loja\/wp-json\/wp\/v2\/types\/product"}],"replies":[{"embeddable":true,"href":"https:\/\/www.livrariarema.com.br\/loja\/wp-json\/wp\/v2\/comments?post=329488"}],"wp:featuredmedia":[{"embeddable":true,"href":"https:\/\/www.livrariarema.com.br\/loja\/wp-json\/wp\/v2\/media\/329487"}],"wp:attachment":[{"href":"https:\/\/www.livrariarema.com.br\/loja\/wp-json\/wp\/v2\/media?parent=329488"}],"wp:term":[{"taxonomy":"product_cat","embeddable":true,"href":"https:\/\/www.livrariarema.com.br\/loja\/wp-json\/wp\/v2\/product_cat?post=329488"},{"taxonomy":"product_tag","embeddable":true,"href":"https:\/\/www.livrariarema.com.br\/loja\/wp-json\/wp\/v2\/product_tag?post=329488"}],"curies":[{"name":"wp","href":"https:\/\/api.w.org\/{rel}","templated":true}]}}