{"id":329505,"date":"2025-04-16T10:57:45","date_gmt":"2025-04-16T13:57:45","guid":{"rendered":"https:\/\/www.livrariarema.com.br\/loja\/produtos\/sem categoria\/vozes-dos-martires\/"},"modified":"2025-11-13T12:31:12","modified_gmt":"2025-11-13T15:31:12","slug":"vozes-dos-martires","status":"publish","type":"product","link":"https:\/\/www.livrariarema.com.br\/loja\/produtos\/livros\/manga-hq\/vozes-dos-martires\/","title":{"rendered":"Vozes Dos M\u00e1rtires"},"content":{"rendered":"<p>Vozes dos M\u00e1rtires \u00e9 uma antologia de tr\u00eas hist\u00f3rias em quadrinhos colorida e envolvente que abrange o per\u00edodo mais antigo da hist\u00f3ria da Igreja. Na primeira, AS TESTEMUNHAS, acompanhe a vida de pessoas que conheceram Cristo e tamb\u00e9m de crist\u00e3os da Igreja Primitiva que foram martirizados por seu testemunho. A segunda, O AP\u00d3STOLO, narra a transforma\u00e7\u00e3o milagrosa de Saul, o perseguidor, em Paulo, o ap\u00f3stolo, desde sua convers\u00e3o dram\u00e1tica at\u00e9 as \u00e9picas aventuras mission\u00e1rias que se seguiram. Por fim, OS DOZE, conta sobre a vida e a morte dos 12 ap\u00f3stolos de Jesus.<\/p>\n","protected":false},"excerpt":{"rendered":"<p>Vozes dos M\u00e1rtires \u00e9 uma antologia de tr\u00eas hist\u00f3rias em quadrinhos colorida e envolvente que abrange o per\u00edodo mais antigo&hellip;<\/p>\n","protected":false},"featured_media":335464,"comment_status":"open","ping_status":"closed","template":"","meta":[],"product_cat":[134,189],"product_tag":[],"_links":{"self":[{"href":"https:\/\/www.livrariarema.com.br\/loja\/wp-json\/wp\/v2\/product\/329505"}],"collection":[{"href":"https:\/\/www.livrariarema.com.br\/loja\/wp-json\/wp\/v2\/product"}],"about":[{"href":"https:\/\/www.livrariarema.com.br\/loja\/wp-json\/wp\/v2\/types\/product"}],"replies":[{"embeddable":true,"href":"https:\/\/www.livrariarema.com.br\/loja\/wp-json\/wp\/v2\/comments?post=329505"}],"wp:featuredmedia":[{"embeddable":true,"href":"https:\/\/www.livrariarema.com.br\/loja\/wp-json\/wp\/v2\/media\/335464"}],"wp:attachment":[{"href":"https:\/\/www.livrariarema.com.br\/loja\/wp-json\/wp\/v2\/media?parent=329505"}],"wp:term":[{"taxonomy":"product_cat","embeddable":true,"href":"https:\/\/www.livrariarema.com.br\/loja\/wp-json\/wp\/v2\/product_cat?post=329505"},{"taxonomy":"product_tag","embeddable":true,"href":"https:\/\/www.livrariarema.com.br\/loja\/wp-json\/wp\/v2\/product_tag?post=329505"}],"curies":[{"name":"wp","href":"https:\/\/api.w.org\/{rel}","templated":true}]}}