{"id":329518,"date":"2025-04-16T10:59:27","date_gmt":"2025-04-16T13:59:27","guid":{"rendered":"https:\/\/www.livrariarema.com.br\/loja\/produtos\/sem categoria\/escolhas-que-ela-fez-as-felicia-ferguson\/"},"modified":"2025-11-06T12:34:33","modified_gmt":"2025-11-06T15:34:33","slug":"escolhas-que-ela-fez-as-felicia-ferguson","status":"publish","type":"product","link":"https:\/\/www.livrariarema.com.br\/loja\/produtos\/livros\/biografia\/escolhas-que-ela-fez-as-felicia-ferguson\/","title":{"rendered":"Escolhas Que Ela Fez, As &#8211; Felicia Ferguson"},"content":{"rendered":"<p>Todos temos de fazer escolhas dif\u00edceis na vida. No livro de estreia de Felicia Ferguson, a protagonista Madeline Williams deixa de ser uma adolescente inocente e se torna uma jovem arrasada, com medo da poderosa fam\u00edlia do rapaz que a violentou. Uma hist\u00f3ria ficcional comovente que reflete as manchetes atuais, centrando-se na dor das mulheres que t\u00eam de lidar com mem\u00f3rias dolorosas e decis\u00f5es dif\u00edceis. Este livro tocar\u00e1 seu cora\u00e7\u00e3o e fortalecer\u00e1 sua f\u00e9.<\/p>\n","protected":false},"excerpt":{"rendered":"<p>Todos temos de fazer escolhas dif\u00edceis na vida. No livro de estreia de Felicia Ferguson, a protagonista Madeline Williams deixa&hellip;<\/p>\n","protected":false},"featured_media":333924,"comment_status":"open","ping_status":"closed","template":"","meta":[],"product_cat":[181,134],"product_tag":[],"_links":{"self":[{"href":"https:\/\/www.livrariarema.com.br\/loja\/wp-json\/wp\/v2\/product\/329518"}],"collection":[{"href":"https:\/\/www.livrariarema.com.br\/loja\/wp-json\/wp\/v2\/product"}],"about":[{"href":"https:\/\/www.livrariarema.com.br\/loja\/wp-json\/wp\/v2\/types\/product"}],"replies":[{"embeddable":true,"href":"https:\/\/www.livrariarema.com.br\/loja\/wp-json\/wp\/v2\/comments?post=329518"}],"wp:featuredmedia":[{"embeddable":true,"href":"https:\/\/www.livrariarema.com.br\/loja\/wp-json\/wp\/v2\/media\/333924"}],"wp:attachment":[{"href":"https:\/\/www.livrariarema.com.br\/loja\/wp-json\/wp\/v2\/media?parent=329518"}],"wp:term":[{"taxonomy":"product_cat","embeddable":true,"href":"https:\/\/www.livrariarema.com.br\/loja\/wp-json\/wp\/v2\/product_cat?post=329518"},{"taxonomy":"product_tag","embeddable":true,"href":"https:\/\/www.livrariarema.com.br\/loja\/wp-json\/wp\/v2\/product_tag?post=329518"}],"curies":[{"name":"wp","href":"https:\/\/api.w.org\/{rel}","templated":true}]}}