{"id":329536,"date":"2025-04-16T11:00:23","date_gmt":"2025-04-16T14:00:23","guid":{"rendered":"https:\/\/www.livrariarema.com.br\/loja\/produtos\/sem categoria\/biblia-de-estudo-patmos-grande-luxo-vinho\/"},"modified":"2025-11-29T12:40:35","modified_gmt":"2025-11-29T15:40:35","slug":"biblia-de-estudo-patmos-grande-luxo-vinho","status":"publish","type":"product","link":"https:\/\/www.livrariarema.com.br\/loja\/produtos\/biblias\/estudo\/biblia-de-estudo-patmos-grande-luxo-vinho\/","title":{"rendered":"B\u00edblia De Estudo Patmos &#8211; Grande &#8211; Luxo Vinho"},"content":{"rendered":"<p>A B\u00edblia de Estudo Patmos foi criada para aprofundar o entendimento da Palavra de Deus, como uma realidade poderosa, convincente e que transforma vidas. Para alcan\u00e7ar este objetivo, combinou-se um recente e abrangente estudo b\u00edblico evang\u00e9lico com o tradicional texto ARC, conhecido de forma not\u00e1vel por sua fidelidade aos originais.<br \/>\nDesenvolvida por uma impressionante equipe de 95 estudiosos e professores crist\u00e3os evang\u00e9licos, a B\u00edblia de Estudo Patmos possui um robusto conte\u00fado de ensinamentos expressos atrav\u00e9s de suas notas, artigos e ferramentas de estudo que ofertam o equivalente a uma verdadeira biblioteca de recursos b\u00edblicos.<\/p>\n<p>Principais caracter\u00edsticas:<br \/>\n+ de 40 mil refer\u00eancias cruzadas e concord\u00e2ncia do texto<br \/>\nAlmeida Revista e Corrigida (ARC)<br \/>\n20 mil notas de estudo<br \/>\n2.208 p\u00e1ginas com interpreta\u00e7\u00e3o, ensino, mapas, quadros e artigos<br \/>\n200 mapas com notas ao longo do texto b\u00edblico<br \/>\n200 gr\u00e1ficos<br \/>\n+ de 50 artigos sobre t\u00f3picos essenciais em B\u00edblia, teologia, \u00e9tica e apolog\u00e9tica<br \/>\n40 ilustra\u00e7\u00f5es, incluindo representa\u00e7\u00f5es e esbo\u00e7os arquitet\u00f4nicos<\/p>\n","protected":false},"excerpt":{"rendered":"<p>A B\u00edblia de Estudo Patmos foi criada para aprofundar o entendimento da Palavra de Deus, como uma realidade poderosa, convincente&hellip;<\/p>\n","protected":false},"featured_media":335478,"comment_status":"open","ping_status":"closed","template":"","meta":[],"product_cat":[139,140],"product_tag":[],"_links":{"self":[{"href":"https:\/\/www.livrariarema.com.br\/loja\/wp-json\/wp\/v2\/product\/329536"}],"collection":[{"href":"https:\/\/www.livrariarema.com.br\/loja\/wp-json\/wp\/v2\/product"}],"about":[{"href":"https:\/\/www.livrariarema.com.br\/loja\/wp-json\/wp\/v2\/types\/product"}],"replies":[{"embeddable":true,"href":"https:\/\/www.livrariarema.com.br\/loja\/wp-json\/wp\/v2\/comments?post=329536"}],"wp:featuredmedia":[{"embeddable":true,"href":"https:\/\/www.livrariarema.com.br\/loja\/wp-json\/wp\/v2\/media\/335478"}],"wp:attachment":[{"href":"https:\/\/www.livrariarema.com.br\/loja\/wp-json\/wp\/v2\/media?parent=329536"}],"wp:term":[{"taxonomy":"product_cat","embeddable":true,"href":"https:\/\/www.livrariarema.com.br\/loja\/wp-json\/wp\/v2\/product_cat?post=329536"},{"taxonomy":"product_tag","embeddable":true,"href":"https:\/\/www.livrariarema.com.br\/loja\/wp-json\/wp\/v2\/product_tag?post=329536"}],"curies":[{"name":"wp","href":"https:\/\/api.w.org\/{rel}","templated":true}]}}