{"id":329540,"date":"2025-04-16T11:00:42","date_gmt":"2025-04-16T14:00:42","guid":{"rendered":"https:\/\/www.livrariarema.com.br\/loja\/produtos\/sem categoria\/as-100-palavras-gregas-mais-importantes-do-novo-testamento-jose-lopes\/"},"modified":"2025-08-23T11:30:25","modified_gmt":"2025-08-23T14:30:25","slug":"as-100-palavras-gregas-mais-importantes-do-novo-testamento-jose-lopes","status":"publish","type":"product","link":"https:\/\/www.livrariarema.com.br\/loja\/produtos\/livros\/estudo-biblico\/as-100-palavras-gregas-mais-importantes-do-novo-testamento-jose-lopes\/","title":{"rendered":"As 100 Palavras Gregas Mais Importantes Do Novo Testamento &#8211; Jos\u00e9 Lopes"},"content":{"rendered":"<p>Entenda os termos-chave em seu contexto original na l\u00edngua grega e aprofunde sua compreens\u00e3o das Escrituras e aplique suas verdades em sua vida di\u00e1ria.<\/p>\n","protected":false},"excerpt":{"rendered":"<p>Entenda os termos-chave em seu contexto original na l\u00edngua grega e aprofunde sua compreens\u00e3o das Escrituras e aplique suas verdades&hellip;<\/p>\n","protected":false},"featured_media":329539,"comment_status":"open","ping_status":"closed","template":"","meta":[],"product_cat":[161,134],"product_tag":[],"_links":{"self":[{"href":"https:\/\/www.livrariarema.com.br\/loja\/wp-json\/wp\/v2\/product\/329540"}],"collection":[{"href":"https:\/\/www.livrariarema.com.br\/loja\/wp-json\/wp\/v2\/product"}],"about":[{"href":"https:\/\/www.livrariarema.com.br\/loja\/wp-json\/wp\/v2\/types\/product"}],"replies":[{"embeddable":true,"href":"https:\/\/www.livrariarema.com.br\/loja\/wp-json\/wp\/v2\/comments?post=329540"}],"wp:featuredmedia":[{"embeddable":true,"href":"https:\/\/www.livrariarema.com.br\/loja\/wp-json\/wp\/v2\/media\/329539"}],"wp:attachment":[{"href":"https:\/\/www.livrariarema.com.br\/loja\/wp-json\/wp\/v2\/media?parent=329540"}],"wp:term":[{"taxonomy":"product_cat","embeddable":true,"href":"https:\/\/www.livrariarema.com.br\/loja\/wp-json\/wp\/v2\/product_cat?post=329540"},{"taxonomy":"product_tag","embeddable":true,"href":"https:\/\/www.livrariarema.com.br\/loja\/wp-json\/wp\/v2\/product_tag?post=329540"}],"curies":[{"name":"wp","href":"https:\/\/api.w.org\/{rel}","templated":true}]}}