{"id":329542,"date":"2025-04-16T11:00:47","date_gmt":"2025-04-16T14:00:47","guid":{"rendered":"https:\/\/www.livrariarema.com.br\/loja\/produtos\/sem categoria\/ensino-transformador-kenneth-s-coley-deborah-l-maccullough-e-martha-e-maccullough\/"},"modified":"2026-03-20T10:31:08","modified_gmt":"2026-03-20T13:31:08","slug":"ensino-transformador-kenneth-s-coley-deborah-l-maccullough-e-martha-e-maccullough","status":"publish","type":"product","link":"https:\/\/www.livrariarema.com.br\/loja\/produtos\/livros\/educacao-crista\/ensino-transformador-kenneth-s-coley-deborah-l-maccullough-e-martha-e-maccullough\/","title":{"rendered":"Ensino Transformador &#8211; Kenneth S. Coley, Deborah L. Maccullough E Martha E. Maccullough"},"content":{"rendered":"<p>Ensino Transformador \u00e9 uma obra essencial para educadores crist\u00e3os, oferecendo uma abordagem integral e b\u00edblica para o ensino. Este livro fornece ferramentas para desenvolver uma cosmovis\u00e3o b\u00edblica aplicada ao ensino, abordando teorias de aprendizagem, neuroeduca\u00e7\u00e3o, design educacional e inspirando transforma\u00e7\u00e3o na vida dos alunos. \u00c9 um recurso pr\u00e1tico para professores e uma leitura obrigat\u00f3ria para quem deseja transmitir ensino transformador e cultivar uma gera\u00e7\u00e3o de l\u00edderes crist\u00e3os.<\/p>\n","protected":false},"excerpt":{"rendered":"<p>Ensino Transformador \u00e9 uma obra essencial para educadores crist\u00e3os, oferecendo uma abordagem integral e b\u00edblica para o ensino. Este livro&hellip;<\/p>\n","protected":false},"featured_media":346379,"comment_status":"open","ping_status":"closed","template":"","meta":[],"product_cat":[169,134],"product_tag":[],"_links":{"self":[{"href":"https:\/\/www.livrariarema.com.br\/loja\/wp-json\/wp\/v2\/product\/329542"}],"collection":[{"href":"https:\/\/www.livrariarema.com.br\/loja\/wp-json\/wp\/v2\/product"}],"about":[{"href":"https:\/\/www.livrariarema.com.br\/loja\/wp-json\/wp\/v2\/types\/product"}],"replies":[{"embeddable":true,"href":"https:\/\/www.livrariarema.com.br\/loja\/wp-json\/wp\/v2\/comments?post=329542"}],"wp:featuredmedia":[{"embeddable":true,"href":"https:\/\/www.livrariarema.com.br\/loja\/wp-json\/wp\/v2\/media\/346379"}],"wp:attachment":[{"href":"https:\/\/www.livrariarema.com.br\/loja\/wp-json\/wp\/v2\/media?parent=329542"}],"wp:term":[{"taxonomy":"product_cat","embeddable":true,"href":"https:\/\/www.livrariarema.com.br\/loja\/wp-json\/wp\/v2\/product_cat?post=329542"},{"taxonomy":"product_tag","embeddable":true,"href":"https:\/\/www.livrariarema.com.br\/loja\/wp-json\/wp\/v2\/product_tag?post=329542"}],"curies":[{"name":"wp","href":"https:\/\/api.w.org\/{rel}","templated":true}]}}