{"id":329642,"date":"2025-04-25T09:43:03","date_gmt":"2025-04-25T12:43:03","guid":{"rendered":"https:\/\/www.livrariarema.com.br\/loja\/produtos\/sem categoria\/brinquedo-educativo-brincando-de-engenheiro-200-pecas\/"},"modified":"2026-01-16T18:33:37","modified_gmt":"2026-01-16T21:33:37","slug":"brinquedo-educativo-brincando-de-engenheiro-200-pecas","status":"publish","type":"product","link":"https:\/\/www.livrariarema.com.br\/loja\/produtos\/brinquedos\/brinquedos-educativos\/brinquedo-educativo-brincando-de-engenheiro-200-pecas\/","title":{"rendered":"Brinquedo Educativo &#8211; Brincando De Engenheiro &#8211; 200 Pe\u00e7as"},"content":{"rendered":"<p>O jogo \u00e9 composto por 200 pe\u00e7as confeccionadas em madeira reflorestada e tinta at\u00f3xica. S\u00e3o v\u00e1rios formatos, que possibilitam montagens infinitas, o que faz com que suas cria\u00e7\u00f5es fiquem do tamanho que voc\u00ea quiser, voc\u00ea pode montar pequenas cidades. O jogo contribui para o desenvolvimento do pensamento l\u00f3gico e auxilia nas no\u00e7\u00f5es de espa\u00e7o e coordena\u00e7\u00e3o motora da crian\u00e7a, podendo ser utilizado tanto individualmente quanto em grupo. Indicado para crian\u00e7as acima de 3 anos.<\/p>\n","protected":false},"excerpt":{"rendered":"<p>O jogo \u00e9 composto por 200 pe\u00e7as confeccionadas em madeira reflorestada e tinta at\u00f3xica. S\u00e3o v\u00e1rios formatos, que possibilitam montagens&hellip;<\/p>\n","protected":false},"featured_media":329762,"comment_status":"open","ping_status":"closed","template":"","meta":[],"product_cat":[315,319],"product_tag":[],"_links":{"self":[{"href":"https:\/\/www.livrariarema.com.br\/loja\/wp-json\/wp\/v2\/product\/329642"}],"collection":[{"href":"https:\/\/www.livrariarema.com.br\/loja\/wp-json\/wp\/v2\/product"}],"about":[{"href":"https:\/\/www.livrariarema.com.br\/loja\/wp-json\/wp\/v2\/types\/product"}],"replies":[{"embeddable":true,"href":"https:\/\/www.livrariarema.com.br\/loja\/wp-json\/wp\/v2\/comments?post=329642"}],"wp:featuredmedia":[{"embeddable":true,"href":"https:\/\/www.livrariarema.com.br\/loja\/wp-json\/wp\/v2\/media\/329762"}],"wp:attachment":[{"href":"https:\/\/www.livrariarema.com.br\/loja\/wp-json\/wp\/v2\/media?parent=329642"}],"wp:term":[{"taxonomy":"product_cat","embeddable":true,"href":"https:\/\/www.livrariarema.com.br\/loja\/wp-json\/wp\/v2\/product_cat?post=329642"},{"taxonomy":"product_tag","embeddable":true,"href":"https:\/\/www.livrariarema.com.br\/loja\/wp-json\/wp\/v2\/product_tag?post=329642"}],"curies":[{"name":"wp","href":"https:\/\/api.w.org\/{rel}","templated":true}]}}