{"id":329656,"date":"2025-04-25T09:43:52","date_gmt":"2025-04-25T12:43:52","guid":{"rendered":"https:\/\/www.livrariarema.com.br\/loja\/produtos\/sem categoria\/brinquedo-educativo-super-kit-de-pintura-princesa\/"},"modified":"2025-08-14T18:10:20","modified_gmt":"2025-08-14T21:10:20","slug":"brinquedo-educativo-super-kit-de-pintura-princesa","status":"publish","type":"product","link":"https:\/\/www.livrariarema.com.br\/loja\/produtos\/brinquedos\/brinquedos-educativos\/brinquedo-educativo-super-kit-de-pintura-princesa\/","title":{"rendered":"Brinquedo Educativo &#8211; Super Kit De Pintura &#8211; Princesa"},"content":{"rendered":"<p>Exercite seus dotes art\u00edsticos com o Super Kit Princesas de Pintura, s\u00e3o 4 telas para voce se divertir sendo o artista da sua pr\u00f3pria fantasia. Contem 1 Cavalete em madeira, 4 Telas para colorir, 1 Pincel, 1 Paleta, 6 Tintas guache, 1 Avental tem\u00e1tico<\/p>\n<p>ESPECIFICA\u00c7\u00d5ES DO PRODUTO:<br \/>\n Conte\u00fado da embalagem: 1 Cavalete em madeira, 4 Telas para colorir, 1 Pincel, 1 Paleta, 6 Tintas guache, 1 Avental tem\u00e1tico<br \/>\nFaixa Et\u00e1ria: +4<\/p>\n","protected":false},"excerpt":{"rendered":"<p>Exercite seus dotes art\u00edsticos com o Super Kit Princesas de Pintura, s\u00e3o 4 telas para voce se divertir sendo o&hellip;<\/p>\n","protected":false},"featured_media":329771,"comment_status":"open","ping_status":"closed","template":"","meta":[],"product_cat":[315,319],"product_tag":[],"_links":{"self":[{"href":"https:\/\/www.livrariarema.com.br\/loja\/wp-json\/wp\/v2\/product\/329656"}],"collection":[{"href":"https:\/\/www.livrariarema.com.br\/loja\/wp-json\/wp\/v2\/product"}],"about":[{"href":"https:\/\/www.livrariarema.com.br\/loja\/wp-json\/wp\/v2\/types\/product"}],"replies":[{"embeddable":true,"href":"https:\/\/www.livrariarema.com.br\/loja\/wp-json\/wp\/v2\/comments?post=329656"}],"wp:featuredmedia":[{"embeddable":true,"href":"https:\/\/www.livrariarema.com.br\/loja\/wp-json\/wp\/v2\/media\/329771"}],"wp:attachment":[{"href":"https:\/\/www.livrariarema.com.br\/loja\/wp-json\/wp\/v2\/media?parent=329656"}],"wp:term":[{"taxonomy":"product_cat","embeddable":true,"href":"https:\/\/www.livrariarema.com.br\/loja\/wp-json\/wp\/v2\/product_cat?post=329656"},{"taxonomy":"product_tag","embeddable":true,"href":"https:\/\/www.livrariarema.com.br\/loja\/wp-json\/wp\/v2\/product_tag?post=329656"}],"curies":[{"name":"wp","href":"https:\/\/api.w.org\/{rel}","templated":true}]}}