{"id":329658,"date":"2025-04-25T09:43:57","date_gmt":"2025-04-25T12:43:57","guid":{"rendered":"https:\/\/www.livrariarema.com.br\/loja\/produtos\/sem categoria\/brinquedo-educativo-super-kit-de-pintura-safari\/"},"modified":"2025-05-06T14:00:36","modified_gmt":"2025-05-06T17:00:36","slug":"brinquedo-educativo-super-kit-de-pintura-safari","status":"publish","type":"product","link":"https:\/\/www.livrariarema.com.br\/loja\/produtos\/brinquedos\/brinquedos-educativos\/brinquedo-educativo-super-kit-de-pintura-safari\/","title":{"rendered":"Brinquedo Educativo &#8211; Super Kit De Pintura &#8211; Safari"},"content":{"rendered":"<p>Exercite seus dotes art\u00edsticos com o Super Kit Pintura Saf\u00e1ri, s\u00e3o 4 telas para voce se divertir sendo o artista da sua pr\u00f3pria savana. Contem 1 Cavalete em madeira, 4 Telas para colorir, 1 Pincel, 1 Paleta, 6 Tintas guache, 1 Avental tem\u00e1tico<\/p>\n","protected":false},"excerpt":{"rendered":"<p>Exercite seus dotes art\u00edsticos com o Super Kit Pintura Saf\u00e1ri, s\u00e3o 4 telas para voce se divertir sendo o artista&hellip;<\/p>\n","protected":false},"featured_media":329772,"comment_status":"open","ping_status":"closed","template":"","meta":[],"product_cat":[315,319],"product_tag":[],"_links":{"self":[{"href":"https:\/\/www.livrariarema.com.br\/loja\/wp-json\/wp\/v2\/product\/329658"}],"collection":[{"href":"https:\/\/www.livrariarema.com.br\/loja\/wp-json\/wp\/v2\/product"}],"about":[{"href":"https:\/\/www.livrariarema.com.br\/loja\/wp-json\/wp\/v2\/types\/product"}],"replies":[{"embeddable":true,"href":"https:\/\/www.livrariarema.com.br\/loja\/wp-json\/wp\/v2\/comments?post=329658"}],"wp:featuredmedia":[{"embeddable":true,"href":"https:\/\/www.livrariarema.com.br\/loja\/wp-json\/wp\/v2\/media\/329772"}],"wp:attachment":[{"href":"https:\/\/www.livrariarema.com.br\/loja\/wp-json\/wp\/v2\/media?parent=329658"}],"wp:term":[{"taxonomy":"product_cat","embeddable":true,"href":"https:\/\/www.livrariarema.com.br\/loja\/wp-json\/wp\/v2\/product_cat?post=329658"},{"taxonomy":"product_tag","embeddable":true,"href":"https:\/\/www.livrariarema.com.br\/loja\/wp-json\/wp\/v2\/product_tag?post=329658"}],"curies":[{"name":"wp","href":"https:\/\/api.w.org\/{rel}","templated":true}]}}