{"id":329668,"date":"2025-04-25T09:44:27","date_gmt":"2025-04-25T12:44:27","guid":{"rendered":"https:\/\/www.livrariarema.com.br\/loja\/produtos\/sem categoria\/jogo-domino-mdf-animais-selvagens-28-pecas\/"},"modified":"2025-12-19T11:00:43","modified_gmt":"2025-12-19T14:00:43","slug":"jogo-domino-mdf-animais-selvagens-28-pecas","status":"publish","type":"product","link":"https:\/\/www.livrariarema.com.br\/loja\/produtos\/brinquedos\/domino\/jogo-domino-mdf-animais-selvagens-28-pecas\/","title":{"rendered":"Jogo Domin\u00f3 &#8211; Mdf &#8211; Animais Selvagens &#8211; 28 Pe\u00e7as"},"content":{"rendered":"<p>O Domin\u00f3 Animais em Madeira \u00e9 a escolha perfeita para divers\u00e3o e aprendizado das crian\u00e7as. Este jogo cl\u00e1ssico \u00e9 fabricado em madeira de alta qualidade, com pe\u00e7as ilustradas com diferentes animais, proporcionando uma experi\u00eancia l\u00fadica e educativa. Ao jogar, as crian\u00e7as desenvolvem habilidades cognitivas, como racioc\u00ednio l\u00f3gico, mem\u00f3ria e coordena\u00e7\u00e3o motora, tudo de maneira divertida e interativa.<br \/>\n<Br><br \/>\nCom 28 pe\u00e7as robustas e coloridas, o domin\u00f3 \u00e9 ideal para ensinar sobre os animais de forma visual e pr\u00e1tica. Seu design dur\u00e1vel em madeira garante longa vida \u00fatil ao produto, sendo uma excelente op\u00e7\u00e3o para o desenvolvimento infantil. Al\u00e9m de entreter, o jogo promove a socializa\u00e7\u00e3o entre amigos e familiares, tornando-se uma \u00f3tima atividade para momentos em grupo.<\/p>\n","protected":false},"excerpt":{"rendered":"<p>O Domin\u00f3 Animais em Madeira \u00e9 a escolha perfeita para divers\u00e3o e aprendizado das crian\u00e7as. Este jogo cl\u00e1ssico \u00e9 fabricado&hellip;<\/p>\n","protected":false},"featured_media":329778,"comment_status":"open","ping_status":"closed","template":"","meta":[],"product_cat":[315,318],"product_tag":[],"_links":{"self":[{"href":"https:\/\/www.livrariarema.com.br\/loja\/wp-json\/wp\/v2\/product\/329668"}],"collection":[{"href":"https:\/\/www.livrariarema.com.br\/loja\/wp-json\/wp\/v2\/product"}],"about":[{"href":"https:\/\/www.livrariarema.com.br\/loja\/wp-json\/wp\/v2\/types\/product"}],"replies":[{"embeddable":true,"href":"https:\/\/www.livrariarema.com.br\/loja\/wp-json\/wp\/v2\/comments?post=329668"}],"wp:featuredmedia":[{"embeddable":true,"href":"https:\/\/www.livrariarema.com.br\/loja\/wp-json\/wp\/v2\/media\/329778"}],"wp:attachment":[{"href":"https:\/\/www.livrariarema.com.br\/loja\/wp-json\/wp\/v2\/media?parent=329668"}],"wp:term":[{"taxonomy":"product_cat","embeddable":true,"href":"https:\/\/www.livrariarema.com.br\/loja\/wp-json\/wp\/v2\/product_cat?post=329668"},{"taxonomy":"product_tag","embeddable":true,"href":"https:\/\/www.livrariarema.com.br\/loja\/wp-json\/wp\/v2\/product_tag?post=329668"}],"curies":[{"name":"wp","href":"https:\/\/api.w.org\/{rel}","templated":true}]}}