{"id":329672,"date":"2025-04-25T09:44:37","date_gmt":"2025-04-25T12:44:37","guid":{"rendered":"https:\/\/www.livrariarema.com.br\/loja\/produtos\/sem categoria\/brinquedo-educativo-cubo-educa-mais-com-blocos\/"},"modified":"2025-09-11T11:20:57","modified_gmt":"2025-09-11T14:20:57","slug":"brinquedo-educativo-cubo-educa-mais-com-blocos","status":"publish","type":"product","link":"https:\/\/www.livrariarema.com.br\/loja\/produtos\/brinquedos\/brinquedos-educativos\/brinquedo-educativo-cubo-educa-mais-com-blocos\/","title":{"rendered":"Brinquedo Educativo &#8211; Cubo Educa Mais Com Blocos"},"content":{"rendered":"<p>O Brinquedo Educativo Cubo Educa Mais auxilia no aprendizado atrav\u00e9s do reconhecimento de cores, formas e n\u00fameros. Aprender brincando \u00e9 mais divertido!<BR><br \/>\nToda fase da vida \u00e9 importante e o desenvolvimento infantil \u00e9 nossa prioridade.<BR><br \/>\nCont\u00e9m: 1 Cubo e 18 Pe\u00e7as &#8211; Formas Geom\u00e9tricas e N\u00fameros<BR><br \/>\nBrinquedo em Polipropileno<BR><br \/>\nMedidas: 14C X14L X 14A cm<BR><br \/>\nRecomendado para crian\u00e7as a partir de 12 meses<BR><\/p>\n","protected":false},"excerpt":{"rendered":"<p>O Brinquedo Educativo Cubo Educa Mais auxilia no aprendizado atrav\u00e9s do reconhecimento de cores, formas e n\u00fameros. Aprender brincando \u00e9&hellip;<\/p>\n","protected":false},"featured_media":329779,"comment_status":"open","ping_status":"closed","template":"","meta":[],"product_cat":[315,319],"product_tag":[],"_links":{"self":[{"href":"https:\/\/www.livrariarema.com.br\/loja\/wp-json\/wp\/v2\/product\/329672"}],"collection":[{"href":"https:\/\/www.livrariarema.com.br\/loja\/wp-json\/wp\/v2\/product"}],"about":[{"href":"https:\/\/www.livrariarema.com.br\/loja\/wp-json\/wp\/v2\/types\/product"}],"replies":[{"embeddable":true,"href":"https:\/\/www.livrariarema.com.br\/loja\/wp-json\/wp\/v2\/comments?post=329672"}],"wp:featuredmedia":[{"embeddable":true,"href":"https:\/\/www.livrariarema.com.br\/loja\/wp-json\/wp\/v2\/media\/329779"}],"wp:attachment":[{"href":"https:\/\/www.livrariarema.com.br\/loja\/wp-json\/wp\/v2\/media?parent=329672"}],"wp:term":[{"taxonomy":"product_cat","embeddable":true,"href":"https:\/\/www.livrariarema.com.br\/loja\/wp-json\/wp\/v2\/product_cat?post=329672"},{"taxonomy":"product_tag","embeddable":true,"href":"https:\/\/www.livrariarema.com.br\/loja\/wp-json\/wp\/v2\/product_tag?post=329672"}],"curies":[{"name":"wp","href":"https:\/\/api.w.org\/{rel}","templated":true}]}}