{"id":329683,"date":"2025-04-25T09:46:33","date_gmt":"2025-04-25T12:46:33","guid":{"rendered":"https:\/\/www.livrariarema.com.br\/loja\/produtos\/sem categoria\/brinquedo-educativo-mdf-tangram-14-pecas-65-figurinhas\/"},"modified":"2025-12-01T16:32:28","modified_gmt":"2025-12-01T19:32:28","slug":"brinquedo-educativo-mdf-tangram-14-pecas-65-figurinhas","status":"publish","type":"product","link":"https:\/\/www.livrariarema.com.br\/loja\/produtos\/brinquedos\/brinquedos-educativos\/brinquedo-educativo-mdf-tangram-14-pecas-65-figurinhas\/","title":{"rendered":"Brinquedo Educativo &#8211; Mdf &#8211; Tangram &#8211; 14 Pe\u00e7as\/65 Figurinhas"},"content":{"rendered":"<p>Tangram \u00e9 um jogo fascinante por sua simplicidade e capacidade de representar lindas figuras. <br \/>\nO Tangram surgiu na China e significa t\u00e1bua das sete sabedorias. <br \/>\nDe cunho educativo, possibilita \u00e0 crian\u00e7a conhecer as formas geom\u00e9tricas, criando diversas figuras com as mesmas. <br \/>\nAjuda a crian\u00e7a a desenvolver o racioc\u00ednio l\u00f3gico, sociabiliza\u00e7\u00e3o, criatividade, concentra\u00e7\u00e3o e coordena\u00e7\u00e3o motora. <\/p>\n","protected":false},"excerpt":{"rendered":"<p>Tangram \u00e9 um jogo fascinante por sua simplicidade e capacidade de representar lindas figuras. O Tangram surgiu na China e&hellip;<\/p>\n","protected":false},"featured_media":329770,"comment_status":"open","ping_status":"closed","template":"","meta":[],"product_cat":[315,319],"product_tag":[],"_links":{"self":[{"href":"https:\/\/www.livrariarema.com.br\/loja\/wp-json\/wp\/v2\/product\/329683"}],"collection":[{"href":"https:\/\/www.livrariarema.com.br\/loja\/wp-json\/wp\/v2\/product"}],"about":[{"href":"https:\/\/www.livrariarema.com.br\/loja\/wp-json\/wp\/v2\/types\/product"}],"replies":[{"embeddable":true,"href":"https:\/\/www.livrariarema.com.br\/loja\/wp-json\/wp\/v2\/comments?post=329683"}],"wp:featuredmedia":[{"embeddable":true,"href":"https:\/\/www.livrariarema.com.br\/loja\/wp-json\/wp\/v2\/media\/329770"}],"wp:attachment":[{"href":"https:\/\/www.livrariarema.com.br\/loja\/wp-json\/wp\/v2\/media?parent=329683"}],"wp:term":[{"taxonomy":"product_cat","embeddable":true,"href":"https:\/\/www.livrariarema.com.br\/loja\/wp-json\/wp\/v2\/product_cat?post=329683"},{"taxonomy":"product_tag","embeddable":true,"href":"https:\/\/www.livrariarema.com.br\/loja\/wp-json\/wp\/v2\/product_tag?post=329683"}],"curies":[{"name":"wp","href":"https:\/\/api.w.org\/{rel}","templated":true}]}}