{"id":329687,"date":"2025-04-25T09:46:50","date_gmt":"2025-04-25T12:46:50","guid":{"rendered":"https:\/\/www.livrariarema.com.br\/loja\/produtos\/sem categoria\/brinquedo-educativo-arca-de-noe-com-bonecos\/"},"modified":"2025-10-11T10:53:54","modified_gmt":"2025-10-11T13:53:54","slug":"brinquedo-educativo-arca-de-noe-com-bonecos","status":"publish","type":"product","link":"https:\/\/www.livrariarema.com.br\/loja\/produtos\/brinquedos\/brinquedos-educativos\/brinquedo-educativo-arca-de-noe-com-bonecos\/","title":{"rendered":"Brinquedo Educativo &#8211; Arca De No\u00e9 Com Bonecos"},"content":{"rendered":"<p>A Arca de No\u00e9 tem muitas historinhas para criar. Carregue No\u00e9, sua esposa e os bichinhos para onde sua imagina\u00e7\u00e3o flutuar! Com rodinhas, pode empurrar e puxa-la para onde quiser e colocar na \u00e1gua pois ela flutua de verdade! Incentive e cultive a imagina\u00e7\u00e3o dos filhos!<\/p>\n<p>Uma Arca com animais e acess\u00f3rios para a tornar a hist\u00f3ria muito mais divertida. Um barco flutuante com rampa, dep\u00f3sito, tim\u00e3o, 06 animais e 02 bonecos.<\/p>\n<p>Acompanha 22 pe\u00e7as. Pode navegar na banheira, piscina ou na praia e com rodinhas para empurrar.<\/p>\n","protected":false},"excerpt":{"rendered":"<p>A Arca de No\u00e9 tem muitas historinhas para criar. Carregue No\u00e9, sua esposa e os bichinhos para onde sua imagina\u00e7\u00e3o&hellip;<\/p>\n","protected":false},"featured_media":329777,"comment_status":"open","ping_status":"closed","template":"","meta":[],"product_cat":[315,319],"product_tag":[],"_links":{"self":[{"href":"https:\/\/www.livrariarema.com.br\/loja\/wp-json\/wp\/v2\/product\/329687"}],"collection":[{"href":"https:\/\/www.livrariarema.com.br\/loja\/wp-json\/wp\/v2\/product"}],"about":[{"href":"https:\/\/www.livrariarema.com.br\/loja\/wp-json\/wp\/v2\/types\/product"}],"replies":[{"embeddable":true,"href":"https:\/\/www.livrariarema.com.br\/loja\/wp-json\/wp\/v2\/comments?post=329687"}],"wp:featuredmedia":[{"embeddable":true,"href":"https:\/\/www.livrariarema.com.br\/loja\/wp-json\/wp\/v2\/media\/329777"}],"wp:attachment":[{"href":"https:\/\/www.livrariarema.com.br\/loja\/wp-json\/wp\/v2\/media?parent=329687"}],"wp:term":[{"taxonomy":"product_cat","embeddable":true,"href":"https:\/\/www.livrariarema.com.br\/loja\/wp-json\/wp\/v2\/product_cat?post=329687"},{"taxonomy":"product_tag","embeddable":true,"href":"https:\/\/www.livrariarema.com.br\/loja\/wp-json\/wp\/v2\/product_tag?post=329687"}],"curies":[{"name":"wp","href":"https:\/\/api.w.org\/{rel}","templated":true}]}}