{"id":329692,"date":"2025-04-25T09:48:00","date_gmt":"2025-04-25T12:48:00","guid":{"rendered":"https:\/\/www.livrariarema.com.br\/loja\/produtos\/sem%20categoria\/jogo-da-memoria-arca-de-noe\/"},"modified":"2026-01-19T14:50:41","modified_gmt":"2026-01-19T17:50:41","slug":"jogo-da-memoria-arca-de-noe","status":"publish","type":"product","link":"https:\/\/www.livrariarema.com.br\/loja\/produtos\/brinquedos\/jogos-de-memoria\/jogo-da-memoria-arca-de-noe\/","title":{"rendered":"Jogo Da Mem\u00f3ria &#8211; Arca De No\u00e9"},"content":{"rendered":"<p>A Arca de No\u00e9 &#8211; Jogo da Mem\u00f3ria &#8211; exercite sua mem\u00f3ria com os bichinhos mais fofos da arca!<\/p>\n<p>No\u00e9 era um homem \u00edntegro, honesto e obediente a Deus em tudo o que fazia, caminhava na contram\u00e3o do mundo! Por isso, o pr\u00f3prio Deus confiou uma grande miss\u00e3o em suas m\u00e3os. Por causa da desobedi\u00eancia do povo ele teria que construir uma arca para preservar ele e sua familia do dil\u00favio que o Senhor Deus mandaria sobre a terra. A Arca foi um barco enorme, uma grande constru\u00e7\u00e3o! E sabe porqu\u00ea ele tinha que ser t\u00e3o grande assim!? Para caber um casal de cada esp\u00e9cie de animal. J\u00e1 imaginou ter que dar conta de todos os animais!? O Jogo da Mem\u00f3ria da Arca de No\u00e9 \u00e9 perfeito para voc\u00ea conhecer todos os bichinhos que Deus mandou entrar na arca! Venha embarcar nessa jornada animal! <\/p>\n<p>S\u00e3o 20 pares de cartas acondicionados em caixa especial. Ainda v\u00eam com livreto &#8220;A Arca de No\u00e9&#8221; , que ensinam importantes li\u00e7\u00f5es sobre quem foi esse amigo de Deus. Cria\u00e7\u00e3o do Clube Discipular &#8211; uma das maiores plataformas de ensino b\u00edblico e discipulado de crian\u00e7as no Brasil. <\/p>\n","protected":false},"excerpt":{"rendered":"<p>A Arca de No\u00e9 &#8211; Jogo da Mem\u00f3ria &#8211; exercite sua mem\u00f3ria com os bichinhos mais fofos da arca! No\u00e9&hellip;<\/p>\n","protected":false},"featured_media":341809,"comment_status":"open","ping_status":"closed","template":"","meta":[],"product_cat":[315,320],"product_tag":[],"_links":{"self":[{"href":"https:\/\/www.livrariarema.com.br\/loja\/wp-json\/wp\/v2\/product\/329692"}],"collection":[{"href":"https:\/\/www.livrariarema.com.br\/loja\/wp-json\/wp\/v2\/product"}],"about":[{"href":"https:\/\/www.livrariarema.com.br\/loja\/wp-json\/wp\/v2\/types\/product"}],"replies":[{"embeddable":true,"href":"https:\/\/www.livrariarema.com.br\/loja\/wp-json\/wp\/v2\/comments?post=329692"}],"wp:featuredmedia":[{"embeddable":true,"href":"https:\/\/www.livrariarema.com.br\/loja\/wp-json\/wp\/v2\/media\/341809"}],"wp:attachment":[{"href":"https:\/\/www.livrariarema.com.br\/loja\/wp-json\/wp\/v2\/media?parent=329692"}],"wp:term":[{"taxonomy":"product_cat","embeddable":true,"href":"https:\/\/www.livrariarema.com.br\/loja\/wp-json\/wp\/v2\/product_cat?post=329692"},{"taxonomy":"product_tag","embeddable":true,"href":"https:\/\/www.livrariarema.com.br\/loja\/wp-json\/wp\/v2\/product_tag?post=329692"}],"curies":[{"name":"wp","href":"https:\/\/api.w.org\/{rel}","templated":true}]}}