{"id":329739,"date":"2025-04-25T14:01:49","date_gmt":"2025-04-25T17:01:49","guid":{"rendered":"https:\/\/www.livrariarema.com.br\/loja\/produtos\/sem categoria\/musica-das-nuvens-a-arlene-diniz\/"},"modified":"2026-04-24T14:10:50","modified_gmt":"2026-04-24T17:10:50","slug":"musica-das-nuvens-a-arlene-diniz","status":"publish","type":"product","link":"https:\/\/www.livrariarema.com.br\/loja\/produtos\/livros\/ficcao\/musica-das-nuvens-a-arlene-diniz\/","title":{"rendered":"M\u00fasica Das Nuvens, A &#8211; Arlene Diniz"},"content":{"rendered":"<p>Alissa Ven\u00e2ncio nunca imaginou que sua vida mudaria t\u00e3o drasticamente. Depois que um incidente destr\u00f3i seu maior tesouro &#8211; seu violino -, ela se v\u00ea obrigada a deixar sua cidade natal e suas melhores amigas para tr\u00e1s. Agora, sua nova realidade se passa no litoral, onde seus pais trabalham como caseiros em uma mans\u00e3o de luxo, e ela enfrenta o temperamento dif\u00edcil de sua nova patroa.<\/p>\n<p>Em meio \u00e0s dificuldades financeiras, o preconceito e a sensa\u00e7\u00e3o de n\u00e3o pertencer \u00e0quele lugar, Alissa encontra ref\u00fagio no amor de seu irm\u00e3o ca\u00e7ula, um menino de cadeira de rodas que \u00e9 pura alegria, e no inesperado encanto de um garoto que promete ser tudo aquilo de que ela mais precisa.<\/p>\n<p>Entre notas dissonantes e melodias perdidas, Alissa precisar\u00e1 descobrir se, no meio das nuvens escuras da vida, ainda h\u00e1 espa\u00e7o para sonhar.<\/p>\n","protected":false},"excerpt":{"rendered":"<p>Alissa Ven\u00e2ncio nunca imaginou que sua vida mudaria t\u00e3o drasticamente. Depois que um incidente destr\u00f3i seu maior tesouro &#8211; seu&hellip;<\/p>\n","protected":false},"featured_media":344319,"comment_status":"open","ping_status":"closed","template":"","meta":[],"product_cat":[162,134],"product_tag":[],"_links":{"self":[{"href":"https:\/\/www.livrariarema.com.br\/loja\/wp-json\/wp\/v2\/product\/329739"}],"collection":[{"href":"https:\/\/www.livrariarema.com.br\/loja\/wp-json\/wp\/v2\/product"}],"about":[{"href":"https:\/\/www.livrariarema.com.br\/loja\/wp-json\/wp\/v2\/types\/product"}],"replies":[{"embeddable":true,"href":"https:\/\/www.livrariarema.com.br\/loja\/wp-json\/wp\/v2\/comments?post=329739"}],"wp:featuredmedia":[{"embeddable":true,"href":"https:\/\/www.livrariarema.com.br\/loja\/wp-json\/wp\/v2\/media\/344319"}],"wp:attachment":[{"href":"https:\/\/www.livrariarema.com.br\/loja\/wp-json\/wp\/v2\/media?parent=329739"}],"wp:term":[{"taxonomy":"product_cat","embeddable":true,"href":"https:\/\/www.livrariarema.com.br\/loja\/wp-json\/wp\/v2\/product_cat?post=329739"},{"taxonomy":"product_tag","embeddable":true,"href":"https:\/\/www.livrariarema.com.br\/loja\/wp-json\/wp\/v2\/product_tag?post=329739"}],"curies":[{"name":"wp","href":"https:\/\/api.w.org\/{rel}","templated":true}]}}