{"id":329825,"date":"2025-04-30T12:50:13","date_gmt":"2025-04-30T15:50:13","guid":{"rendered":"https:\/\/www.livrariarema.com.br\/loja\/produtos\/sem categoria\/jogo-de-cartas-mico-55-cartas\/"},"modified":"2026-01-19T14:50:45","modified_gmt":"2026-01-19T17:50:45","slug":"jogo-de-cartas-mico-55-cartas","status":"publish","type":"product","link":"https:\/\/www.livrariarema.com.br\/loja\/produtos\/brinquedos\/jogos-de-cartas\/jogo-de-cartas-mico-55-cartas\/","title":{"rendered":"Jogo De Cartas &#8211; Mico &#8211; 55 Cartas"},"content":{"rendered":"<p>O Jogo do Mico est\u00e1 maior e mais divertido! O Mico e seus amigos est\u00e3o de volta em uma vers\u00e3o diferente, com cartas ENORMES! O mesmo jogo que n\u00f3s am\u00e1vamos, agora com um novo visual renovado, para as crian\u00e7as brincarem e se divertirem enquanto tentam formar os pares<\/p>\n","protected":false},"excerpt":{"rendered":"<p>O Jogo do Mico est\u00e1 maior e mais divertido! O Mico e seus amigos est\u00e3o de volta em uma vers\u00e3o&hellip;<\/p>\n","protected":false},"featured_media":339338,"comment_status":"open","ping_status":"closed","template":"","meta":[],"product_cat":[315,317],"product_tag":[],"_links":{"self":[{"href":"https:\/\/www.livrariarema.com.br\/loja\/wp-json\/wp\/v2\/product\/329825"}],"collection":[{"href":"https:\/\/www.livrariarema.com.br\/loja\/wp-json\/wp\/v2\/product"}],"about":[{"href":"https:\/\/www.livrariarema.com.br\/loja\/wp-json\/wp\/v2\/types\/product"}],"replies":[{"embeddable":true,"href":"https:\/\/www.livrariarema.com.br\/loja\/wp-json\/wp\/v2\/comments?post=329825"}],"wp:featuredmedia":[{"embeddable":true,"href":"https:\/\/www.livrariarema.com.br\/loja\/wp-json\/wp\/v2\/media\/339338"}],"wp:attachment":[{"href":"https:\/\/www.livrariarema.com.br\/loja\/wp-json\/wp\/v2\/media?parent=329825"}],"wp:term":[{"taxonomy":"product_cat","embeddable":true,"href":"https:\/\/www.livrariarema.com.br\/loja\/wp-json\/wp\/v2\/product_cat?post=329825"},{"taxonomy":"product_tag","embeddable":true,"href":"https:\/\/www.livrariarema.com.br\/loja\/wp-json\/wp\/v2\/product_tag?post=329825"}],"curies":[{"name":"wp","href":"https:\/\/api.w.org\/{rel}","templated":true}]}}