{"id":329827,"date":"2025-04-30T12:50:26","date_gmt":"2025-04-30T15:50:26","guid":{"rendered":"https:\/\/www.livrariarema.com.br\/loja\/produtos\/sem categoria\/jogo-de-tabuleiro-dama-e-trilha\/"},"modified":"2025-07-11T13:50:39","modified_gmt":"2025-07-11T16:50:39","slug":"jogo-de-tabuleiro-dama-e-trilha","status":"publish","type":"product","link":"https:\/\/www.livrariarema.com.br\/loja\/produtos\/brinquedos\/jogos-para-familia\/jogo-de-tabuleiro-dama-e-trilha\/","title":{"rendered":"Jogo De Tabuleiro &#8211; Dama E Trilha"},"content":{"rendered":"<p>O jogo de damas pratica-se entre dois jogadores, num tabuleiro quadrado, de 64 casas alternadamente claras e escuras, dispondo de 12 pe\u00e7as brancas e 12 pretas.<br \/>\nO objetivo \u00e9 capturar ou imobilizar as pe\u00e7as do advers\u00e1rio.<br \/>\nO jogador que conseguir comer todas as pe\u00e7as do inimigo ganha a partida.<br \/>\nO tabuleiro deve ser colocado de modo que a casa angular \u00e0 esquerda de cada parceiro seja escura<\/p>\n","protected":false},"excerpt":{"rendered":"<p>O jogo de damas pratica-se entre dois jogadores, num tabuleiro quadrado, de 64 casas alternadamente claras e escuras, dispondo de&hellip;<\/p>\n","protected":false},"featured_media":329826,"comment_status":"open","ping_status":"closed","template":"","meta":[],"product_cat":[315,316],"product_tag":[],"_links":{"self":[{"href":"https:\/\/www.livrariarema.com.br\/loja\/wp-json\/wp\/v2\/product\/329827"}],"collection":[{"href":"https:\/\/www.livrariarema.com.br\/loja\/wp-json\/wp\/v2\/product"}],"about":[{"href":"https:\/\/www.livrariarema.com.br\/loja\/wp-json\/wp\/v2\/types\/product"}],"replies":[{"embeddable":true,"href":"https:\/\/www.livrariarema.com.br\/loja\/wp-json\/wp\/v2\/comments?post=329827"}],"wp:featuredmedia":[{"embeddable":true,"href":"https:\/\/www.livrariarema.com.br\/loja\/wp-json\/wp\/v2\/media\/329826"}],"wp:attachment":[{"href":"https:\/\/www.livrariarema.com.br\/loja\/wp-json\/wp\/v2\/media?parent=329827"}],"wp:term":[{"taxonomy":"product_cat","embeddable":true,"href":"https:\/\/www.livrariarema.com.br\/loja\/wp-json\/wp\/v2\/product_cat?post=329827"},{"taxonomy":"product_tag","embeddable":true,"href":"https:\/\/www.livrariarema.com.br\/loja\/wp-json\/wp\/v2\/product_tag?post=329827"}],"curies":[{"name":"wp","href":"https:\/\/api.w.org\/{rel}","templated":true}]}}