{"id":329829,"date":"2025-04-30T12:50:34","date_gmt":"2025-04-30T15:50:34","guid":{"rendered":"https:\/\/www.livrariarema.com.br\/loja\/produtos\/sem categoria\/quebra-cabeca-mdf-aviao-biplano-3d-15-pecas\/"},"modified":"2025-04-30T12:50:34","modified_gmt":"2025-04-30T15:50:34","slug":"quebra-cabeca-mdf-aviao-biplano-3d-15-pecas","status":"publish","type":"product","link":"https:\/\/www.livrariarema.com.br\/loja\/produtos\/brinquedos\/quebra-cabecas\/quebra-cabeca-mdf-aviao-biplano-3d-15-pecas\/","title":{"rendered":"Quebra-Cabeca &#8211; Mdf &#8211; Avi\u00e3o Biplano 3D &#8211; 15 Pe\u00e7as"},"content":{"rendered":"<p>Mais do que apenas um brinquedo, este quebra-cabe\u00e7a 3D oferece uma experi\u00eancia educativa que estimula o desenvolvimento cognitivo e motor das crian\u00e7as. \u00c9 a escolha ideal para um crescimento saud\u00e1vel e divertido. Com 15 pe\u00e7as de madeira de alta qualidade, o Quebra-Cabe\u00e7a Avi\u00e3o Biplano 3D \u00e9 projetado para ser f\u00e1cil de montar, proporcionando uma atividade envolvente e desafiadora. As crian\u00e7as podem desenvolver suas habilidades de resolu\u00e7\u00e3o de problemas e coordena\u00e7\u00e3o motora fina enquanto se divertem montando um incr\u00edvel avi\u00e3o biplano.<\/p>\n","protected":false},"excerpt":{"rendered":"<p>Mais do que apenas um brinquedo, este quebra-cabe\u00e7a 3D oferece uma experi\u00eancia educativa que estimula o desenvolvimento cognitivo e motor&hellip;<\/p>\n","protected":false},"featured_media":329828,"comment_status":"open","ping_status":"closed","template":"","meta":[],"product_cat":[315,321],"product_tag":[],"_links":{"self":[{"href":"https:\/\/www.livrariarema.com.br\/loja\/wp-json\/wp\/v2\/product\/329829"}],"collection":[{"href":"https:\/\/www.livrariarema.com.br\/loja\/wp-json\/wp\/v2\/product"}],"about":[{"href":"https:\/\/www.livrariarema.com.br\/loja\/wp-json\/wp\/v2\/types\/product"}],"replies":[{"embeddable":true,"href":"https:\/\/www.livrariarema.com.br\/loja\/wp-json\/wp\/v2\/comments?post=329829"}],"wp:featuredmedia":[{"embeddable":true,"href":"https:\/\/www.livrariarema.com.br\/loja\/wp-json\/wp\/v2\/media\/329828"}],"wp:attachment":[{"href":"https:\/\/www.livrariarema.com.br\/loja\/wp-json\/wp\/v2\/media?parent=329829"}],"wp:term":[{"taxonomy":"product_cat","embeddable":true,"href":"https:\/\/www.livrariarema.com.br\/loja\/wp-json\/wp\/v2\/product_cat?post=329829"},{"taxonomy":"product_tag","embeddable":true,"href":"https:\/\/www.livrariarema.com.br\/loja\/wp-json\/wp\/v2\/product_tag?post=329829"}],"curies":[{"name":"wp","href":"https:\/\/api.w.org\/{rel}","templated":true}]}}