{"id":329845,"date":"2025-04-30T12:51:37","date_gmt":"2025-04-30T15:51:37","guid":{"rendered":"https:\/\/www.livrariarema.com.br\/loja\/produtos\/sem categoria\/jogo-da-memoria-mdf-dos-bichos-24-pecas\/"},"modified":"2026-03-13T18:41:57","modified_gmt":"2026-03-13T21:41:57","slug":"jogo-da-memoria-mdf-dos-bichos-24-pecas","status":"publish","type":"product","link":"https:\/\/www.livrariarema.com.br\/loja\/produtos\/brinquedos\/jogos-de-memoria\/jogo-da-memoria-mdf-dos-bichos-24-pecas\/","title":{"rendered":"Jogo Da Mem\u00f3ria &#8211; Mdf &#8211; Dos Bichos &#8211; 24 Pe\u00e7as"},"content":{"rendered":"<p>Essa atividade ir\u00e1 ajudar a crian\u00e7a a conhecer os animais, formando seus pares com divertidas figuras, at\u00e9 que n\u00e3o sobre mais pe\u00e7as. <br \/>\nS\u00e3o 24 pe\u00e7as em madeira, coloridas e divertidas que auxiliam em diversos aspectos no desenvolvimento da crian\u00e7a, entre eles: Intera\u00e7\u00e3o, coordena\u00e7\u00e3o motora, memoriza\u00e7\u00e3o, racioc\u00ednio l\u00f3gico, aten\u00e7\u00e3o e foco.<\/p>\n","protected":false},"excerpt":{"rendered":"<p>Essa atividade ir\u00e1 ajudar a crian\u00e7a a conhecer os animais, formando seus pares com divertidas figuras, at\u00e9 que n\u00e3o sobre&hellip;<\/p>\n","protected":false},"featured_media":329844,"comment_status":"open","ping_status":"closed","template":"","meta":[],"product_cat":[315,320],"product_tag":[],"_links":{"self":[{"href":"https:\/\/www.livrariarema.com.br\/loja\/wp-json\/wp\/v2\/product\/329845"}],"collection":[{"href":"https:\/\/www.livrariarema.com.br\/loja\/wp-json\/wp\/v2\/product"}],"about":[{"href":"https:\/\/www.livrariarema.com.br\/loja\/wp-json\/wp\/v2\/types\/product"}],"replies":[{"embeddable":true,"href":"https:\/\/www.livrariarema.com.br\/loja\/wp-json\/wp\/v2\/comments?post=329845"}],"wp:featuredmedia":[{"embeddable":true,"href":"https:\/\/www.livrariarema.com.br\/loja\/wp-json\/wp\/v2\/media\/329844"}],"wp:attachment":[{"href":"https:\/\/www.livrariarema.com.br\/loja\/wp-json\/wp\/v2\/media?parent=329845"}],"wp:term":[{"taxonomy":"product_cat","embeddable":true,"href":"https:\/\/www.livrariarema.com.br\/loja\/wp-json\/wp\/v2\/product_cat?post=329845"},{"taxonomy":"product_tag","embeddable":true,"href":"https:\/\/www.livrariarema.com.br\/loja\/wp-json\/wp\/v2\/product_tag?post=329845"}],"curies":[{"name":"wp","href":"https:\/\/api.w.org\/{rel}","templated":true}]}}