{"id":329847,"date":"2025-04-30T12:51:41","date_gmt":"2025-04-30T15:51:41","guid":{"rendered":"https:\/\/www.livrariarema.com.br\/loja\/produtos\/sem categoria\/jogo-da-memoria-mdf-safari-leao-3d-24-pecas\/"},"modified":"2025-09-02T11:41:11","modified_gmt":"2025-09-02T14:41:11","slug":"jogo-da-memoria-mdf-safari-leao-3d-24-pecas","status":"publish","type":"product","link":"https:\/\/www.livrariarema.com.br\/loja\/produtos\/brinquedos\/jogos-de-memoria\/jogo-da-memoria-mdf-safari-leao-3d-24-pecas\/","title":{"rendered":"Jogo Da Mem\u00f3ria &#8211; Mdf &#8211; Safari Le\u00e3o 3D &#8211; 24 Pe\u00e7as"},"content":{"rendered":"<p>2 ou mais jogadores. Ao iniciar a brincadeira, \u00e9 necess\u00e1rio misturar e distribuir as pe\u00e7as sobre uma mesa, com os desenhos virados para baixo. <br \/>\nEm sua vez, cada jogador deve virar duas pe\u00e7as, buscando pegar pe\u00e7as iguais.<br \/>\n Quando um jogador virar duas pe\u00e7as iguais, ele fica com as pe\u00e7as (contam como pontos no jogo) e joga novamente. Quando um jogador pega duas pe\u00e7as diferentes, ele passa a vez para o pr\u00f3ximo. Ganha o jogo o participante que reunir mais pares de pe\u00e7as.<\/p>\n","protected":false},"excerpt":{"rendered":"<p>2 ou mais jogadores. Ao iniciar a brincadeira, \u00e9 necess\u00e1rio misturar e distribuir as pe\u00e7as sobre uma mesa, com os&hellip;<\/p>\n","protected":false},"featured_media":329846,"comment_status":"open","ping_status":"closed","template":"","meta":[],"product_cat":[315,320],"product_tag":[],"_links":{"self":[{"href":"https:\/\/www.livrariarema.com.br\/loja\/wp-json\/wp\/v2\/product\/329847"}],"collection":[{"href":"https:\/\/www.livrariarema.com.br\/loja\/wp-json\/wp\/v2\/product"}],"about":[{"href":"https:\/\/www.livrariarema.com.br\/loja\/wp-json\/wp\/v2\/types\/product"}],"replies":[{"embeddable":true,"href":"https:\/\/www.livrariarema.com.br\/loja\/wp-json\/wp\/v2\/comments?post=329847"}],"wp:featuredmedia":[{"embeddable":true,"href":"https:\/\/www.livrariarema.com.br\/loja\/wp-json\/wp\/v2\/media\/329846"}],"wp:attachment":[{"href":"https:\/\/www.livrariarema.com.br\/loja\/wp-json\/wp\/v2\/media?parent=329847"}],"wp:term":[{"taxonomy":"product_cat","embeddable":true,"href":"https:\/\/www.livrariarema.com.br\/loja\/wp-json\/wp\/v2\/product_cat?post=329847"},{"taxonomy":"product_tag","embeddable":true,"href":"https:\/\/www.livrariarema.com.br\/loja\/wp-json\/wp\/v2\/product_tag?post=329847"}],"curies":[{"name":"wp","href":"https:\/\/api.w.org\/{rel}","templated":true}]}}