{"id":329885,"date":"2025-04-30T13:06:22","date_gmt":"2025-04-30T16:06:22","guid":{"rendered":"https:\/\/www.livrariarema.com.br\/loja\/produtos\/sem%20categoria\/garrafa-metal-steam-750ml-fe-coragem\/"},"modified":"2026-03-27T09:51:53","modified_gmt":"2026-03-27T12:51:53","slug":"garrafa-metal-steam-750ml-fe-coragem","status":"publish","type":"product","link":"https:\/\/www.livrariarema.com.br\/loja\/produtos\/diversos\/garrafa-termica\/garrafa-metal-steam-750ml-fe-coragem\/","title":{"rendered":"Garrafa Metal &#8211; Steam &#8211; 750Ml &#8211; F\u00e9 &#8211; Coragem"},"content":{"rendered":"<p>A Garrafa Steam 750ml em alum\u00ednio \u00e9 sua aliada para o dia a dia agitado.Leve, resistente e com design moderno, ela te acompanha na academia, no trabalho ou na trilha.<\/p>\n","protected":false},"excerpt":{"rendered":"<p>A Garrafa Steam 750ml em alum\u00ednio \u00e9 sua aliada para o dia a dia agitado.Leve, resistente e com design moderno,&hellip;<\/p>\n","protected":false},"featured_media":332340,"comment_status":"open","ping_status":"closed","template":"","meta":[],"product_cat":[132,242],"product_tag":[],"_links":{"self":[{"href":"https:\/\/www.livrariarema.com.br\/loja\/wp-json\/wp\/v2\/product\/329885"}],"collection":[{"href":"https:\/\/www.livrariarema.com.br\/loja\/wp-json\/wp\/v2\/product"}],"about":[{"href":"https:\/\/www.livrariarema.com.br\/loja\/wp-json\/wp\/v2\/types\/product"}],"replies":[{"embeddable":true,"href":"https:\/\/www.livrariarema.com.br\/loja\/wp-json\/wp\/v2\/comments?post=329885"}],"wp:featuredmedia":[{"embeddable":true,"href":"https:\/\/www.livrariarema.com.br\/loja\/wp-json\/wp\/v2\/media\/332340"}],"wp:attachment":[{"href":"https:\/\/www.livrariarema.com.br\/loja\/wp-json\/wp\/v2\/media?parent=329885"}],"wp:term":[{"taxonomy":"product_cat","embeddable":true,"href":"https:\/\/www.livrariarema.com.br\/loja\/wp-json\/wp\/v2\/product_cat?post=329885"},{"taxonomy":"product_tag","embeddable":true,"href":"https:\/\/www.livrariarema.com.br\/loja\/wp-json\/wp\/v2\/product_tag?post=329885"}],"curies":[{"name":"wp","href":"https:\/\/api.w.org\/{rel}","templated":true}]}}