{"id":329900,"date":"2025-04-30T13:07:12","date_gmt":"2025-04-30T16:07:12","guid":{"rendered":"https:\/\/www.livrariarema.com.br\/loja\/produtos\/sem categoria\/na063lg-biblia-letra-grande-capa-semiflexivel-flor-bege\/"},"modified":"2026-04-29T13:56:13","modified_gmt":"2026-04-29T16:56:13","slug":"na063lg-biblia-letra-grande-capa-semiflexivel-flor-bege","status":"publish","type":"product","link":"https:\/\/www.livrariarema.com.br\/loja\/produtos\/biblias\/nova-almeida-atualizada\/na063lg-biblia-letra-grande-capa-semiflexivel-flor-bege\/","title":{"rendered":"Na063lg &#8211; B\u00edblia &#8211; Letra Grande &#8211; Capa Semiflex\u00edvel &#8211; Flor Bege"},"content":{"rendered":"<p>B\u00edblia Sagrada possui letra grande o que a torna ideal para a leitura di\u00e1ria e para a compreens\u00e3o da Palavra de Deus.<\/p>\n","protected":false},"excerpt":{"rendered":"<p>B\u00edblia Sagrada possui letra grande o que a torna ideal para a leitura di\u00e1ria e para a compreens\u00e3o da Palavra&hellip;<\/p>\n","protected":false},"featured_media":347606,"comment_status":"open","ping_status":"closed","template":"","meta":[],"product_cat":[139,174],"product_tag":[],"_links":{"self":[{"href":"https:\/\/www.livrariarema.com.br\/loja\/wp-json\/wp\/v2\/product\/329900"}],"collection":[{"href":"https:\/\/www.livrariarema.com.br\/loja\/wp-json\/wp\/v2\/product"}],"about":[{"href":"https:\/\/www.livrariarema.com.br\/loja\/wp-json\/wp\/v2\/types\/product"}],"replies":[{"embeddable":true,"href":"https:\/\/www.livrariarema.com.br\/loja\/wp-json\/wp\/v2\/comments?post=329900"}],"wp:featuredmedia":[{"embeddable":true,"href":"https:\/\/www.livrariarema.com.br\/loja\/wp-json\/wp\/v2\/media\/347606"}],"wp:attachment":[{"href":"https:\/\/www.livrariarema.com.br\/loja\/wp-json\/wp\/v2\/media?parent=329900"}],"wp:term":[{"taxonomy":"product_cat","embeddable":true,"href":"https:\/\/www.livrariarema.com.br\/loja\/wp-json\/wp\/v2\/product_cat?post=329900"},{"taxonomy":"product_tag","embeddable":true,"href":"https:\/\/www.livrariarema.com.br\/loja\/wp-json\/wp\/v2\/product_tag?post=329900"}],"curies":[{"name":"wp","href":"https:\/\/api.w.org\/{rel}","templated":true}]}}