{"id":329912,"date":"2025-04-30T13:07:56","date_gmt":"2025-04-30T16:07:56","guid":{"rendered":"https:\/\/www.livrariarema.com.br\/loja\/produtos\/sem categoria\/album-de-fotos-g-fina-ideia-leve-amor\/"},"modified":"2025-10-23T15:41:10","modified_gmt":"2025-10-23T18:41:10","slug":"album-de-fotos-g-fina-ideia-leve-amor","status":"publish","type":"product","link":"https:\/\/www.livrariarema.com.br\/loja\/produtos\/papelaria\/album-de-fotos-diario-do-bebe\/album-de-fotos-g-fina-ideia-leve-amor\/","title":{"rendered":"\u00c1lbum De Fotos &#8211; G &#8211; Fina Ideia &#8211; Leve Amor"},"content":{"rendered":"<p>Capa dura, miolo com 30 folhas pretas 180 g\/m2 (encorpadas), folhas protetoras intercaladas, formato 21,8 cm \u00d7 23,5 cm, encaderna\u00e7\u00e3o em wire-o. Acompanha capa protetora transparente. Embalagem em caixa de papel kraft e tampa em acetato transparente. Medidas: 30cm x 27cm x 3cm, fechamento com tag adesiva com mensagem.<\/p>\n","protected":false},"excerpt":{"rendered":"<p>Capa dura, miolo com 30 folhas pretas 180 g\/m2 (encorpadas), folhas protetoras intercaladas, formato 21,8 cm \u00d7 23,5 cm, encaderna\u00e7\u00e3o&hellip;<\/p>\n","protected":false},"featured_media":339721,"comment_status":"open","ping_status":"closed","template":"","meta":[],"product_cat":[217,215],"product_tag":[],"_links":{"self":[{"href":"https:\/\/www.livrariarema.com.br\/loja\/wp-json\/wp\/v2\/product\/329912"}],"collection":[{"href":"https:\/\/www.livrariarema.com.br\/loja\/wp-json\/wp\/v2\/product"}],"about":[{"href":"https:\/\/www.livrariarema.com.br\/loja\/wp-json\/wp\/v2\/types\/product"}],"replies":[{"embeddable":true,"href":"https:\/\/www.livrariarema.com.br\/loja\/wp-json\/wp\/v2\/comments?post=329912"}],"wp:featuredmedia":[{"embeddable":true,"href":"https:\/\/www.livrariarema.com.br\/loja\/wp-json\/wp\/v2\/media\/339721"}],"wp:attachment":[{"href":"https:\/\/www.livrariarema.com.br\/loja\/wp-json\/wp\/v2\/media?parent=329912"}],"wp:term":[{"taxonomy":"product_cat","embeddable":true,"href":"https:\/\/www.livrariarema.com.br\/loja\/wp-json\/wp\/v2\/product_cat?post=329912"},{"taxonomy":"product_tag","embeddable":true,"href":"https:\/\/www.livrariarema.com.br\/loja\/wp-json\/wp\/v2\/product_tag?post=329912"}],"curies":[{"name":"wp","href":"https:\/\/api.w.org\/{rel}","templated":true}]}}