{"id":330193,"date":"2025-05-03T10:13:20","date_gmt":"2025-05-03T13:13:20","guid":{"rendered":"https:\/\/www.livrariarema.com.br\/loja\/produtos\/sem categoria\/na085epri-biblia-de-estudo-igreja-primitiva-impresso\/"},"modified":"2026-04-28T14:40:19","modified_gmt":"2026-04-28T17:40:19","slug":"na085epri-biblia-de-estudo-igreja-primitiva-impresso","status":"publish","type":"product","link":"https:\/\/www.livrariarema.com.br\/loja\/produtos\/biblias\/estudo\/na085epri-biblia-de-estudo-igreja-primitiva-impresso\/","title":{"rendered":"Na085epri &#8211; B\u00edblia De Estudo Igreja Primitiva &#8211; Impresso"},"content":{"rendered":"<p>A B\u00edblia de Estudo da Igreja Primitiva apresenta um mundo antigo, muito diferente do nosso, mas rico em li\u00e7\u00f5es valiosas de vida. Esta B\u00edblia inclui excelentes ferramentas para ajudar a responder suas perguntas sobre a vida nos tempos b\u00edblicos e mostra como o passado distante cont\u00e9m verdades aplic\u00e1veis \u00e0 vida atual. Inclui artigos fascinantes que desvendam a cultura dos tempos b\u00edblicos, iluminam passagens das Escrituras e fazem perguntas reflexivas ao longo do caminho.<\/p>\n","protected":false},"excerpt":{"rendered":"<p>A B\u00edblia de Estudo da Igreja Primitiva apresenta um mundo antigo, muito diferente do nosso, mas rico em li\u00e7\u00f5es valiosas&hellip;<\/p>\n","protected":false},"featured_media":342223,"comment_status":"open","ping_status":"closed","template":"","meta":[],"product_cat":[139,140],"product_tag":[],"_links":{"self":[{"href":"https:\/\/www.livrariarema.com.br\/loja\/wp-json\/wp\/v2\/product\/330193"}],"collection":[{"href":"https:\/\/www.livrariarema.com.br\/loja\/wp-json\/wp\/v2\/product"}],"about":[{"href":"https:\/\/www.livrariarema.com.br\/loja\/wp-json\/wp\/v2\/types\/product"}],"replies":[{"embeddable":true,"href":"https:\/\/www.livrariarema.com.br\/loja\/wp-json\/wp\/v2\/comments?post=330193"}],"wp:featuredmedia":[{"embeddable":true,"href":"https:\/\/www.livrariarema.com.br\/loja\/wp-json\/wp\/v2\/media\/342223"}],"wp:attachment":[{"href":"https:\/\/www.livrariarema.com.br\/loja\/wp-json\/wp\/v2\/media?parent=330193"}],"wp:term":[{"taxonomy":"product_cat","embeddable":true,"href":"https:\/\/www.livrariarema.com.br\/loja\/wp-json\/wp\/v2\/product_cat?post=330193"},{"taxonomy":"product_tag","embeddable":true,"href":"https:\/\/www.livrariarema.com.br\/loja\/wp-json\/wp\/v2\/product_tag?post=330193"}],"curies":[{"name":"wp","href":"https:\/\/api.w.org\/{rel}","templated":true}]}}