{"id":330197,"date":"2025-05-03T10:13:32","date_gmt":"2025-05-03T13:13:32","guid":{"rendered":"https:\/\/www.livrariarema.com.br\/loja\/produtos\/sem categoria\/arc087bpap-biblia-da-pregadora-pentecostal-ilustrada-beira-flor-ecobag\/"},"modified":"2026-04-29T13:59:10","modified_gmt":"2026-04-29T16:59:10","slug":"arc087bpap-biblia-da-pregadora-pentecostal-ilustrada-beira-flor-ecobag","status":"publish","type":"product","link":"https:\/\/www.livrariarema.com.br\/loja\/produtos\/biblias\/estudo-feminina\/arc087bpap-biblia-da-pregadora-pentecostal-ilustrada-beira-flor-ecobag\/","title":{"rendered":"Arc087bpap &#8211; B\u00edblia Da Pregadora Pentecostal &#8211; Ilustrada Beira Flor + Ecobag"},"content":{"rendered":"<p>Vers\u00e3o feminina da B\u00edblia do Pregador Pentecostal, esta \u00e9 uma ferramenta indispens\u00e1vel para o exerc\u00edcio do minist\u00e9rio da mulher crist\u00e3. Al\u00e9m de todos os recursos contidos na consagrada obra, a B\u00edblia da Pregadora Pentecostal vem com um encarte especial que cita as mulheres de cada livro da B\u00edblia, quem elas foram, o que fizeram e suas influ\u00eancias, com refer\u00eancia de onde encontrar suas hist\u00f3rias nas Escrituras Sagradas.<\/p>\n","protected":false},"excerpt":{"rendered":"<p>Vers\u00e3o feminina da B\u00edblia do Pregador Pentecostal, esta \u00e9 uma ferramenta indispens\u00e1vel para o exerc\u00edcio do minist\u00e9rio da mulher crist\u00e3.&hellip;<\/p>\n","protected":false},"featured_media":347647,"comment_status":"open","ping_status":"closed","template":"","meta":[],"product_cat":[139,175],"product_tag":[],"_links":{"self":[{"href":"https:\/\/www.livrariarema.com.br\/loja\/wp-json\/wp\/v2\/product\/330197"}],"collection":[{"href":"https:\/\/www.livrariarema.com.br\/loja\/wp-json\/wp\/v2\/product"}],"about":[{"href":"https:\/\/www.livrariarema.com.br\/loja\/wp-json\/wp\/v2\/types\/product"}],"replies":[{"embeddable":true,"href":"https:\/\/www.livrariarema.com.br\/loja\/wp-json\/wp\/v2\/comments?post=330197"}],"wp:featuredmedia":[{"embeddable":true,"href":"https:\/\/www.livrariarema.com.br\/loja\/wp-json\/wp\/v2\/media\/347647"}],"wp:attachment":[{"href":"https:\/\/www.livrariarema.com.br\/loja\/wp-json\/wp\/v2\/media?parent=330197"}],"wp:term":[{"taxonomy":"product_cat","embeddable":true,"href":"https:\/\/www.livrariarema.com.br\/loja\/wp-json\/wp\/v2\/product_cat?post=330197"},{"taxonomy":"product_tag","embeddable":true,"href":"https:\/\/www.livrariarema.com.br\/loja\/wp-json\/wp\/v2\/product_tag?post=330197"}],"curies":[{"name":"wp","href":"https:\/\/api.w.org\/{rel}","templated":true}]}}