{"id":330201,"date":"2025-05-03T10:13:40","date_gmt":"2025-05-03T13:13:40","guid":{"rendered":"https:\/\/www.livrariarema.com.br\/loja\/produtos\/sem categoria\/arc63m-biblia-sagrada-capa-dura-mocha-mousse\/"},"modified":"2026-01-29T16:26:12","modified_gmt":"2026-01-29T19:26:12","slug":"arc63m-biblia-sagrada-capa-dura-mocha-mousse","status":"publish","type":"product","link":"https:\/\/www.livrariarema.com.br\/loja\/produtos\/biblias\/revista-corrigida-biblias\/arc63m-biblia-sagrada-capa-dura-mocha-mousse\/","title":{"rendered":"Arc63m &#8211; B\u00edblia Sagrada &#8211; Capa Dura &#8211; Mocha Mousse"},"content":{"rendered":"<p>Essa edi\u00e7\u00e3o da B\u00edblia Sagrada cont\u00e9m texto b\u00edblico na tradu\u00e7\u00e3o Almeida Revista e Corrigida, capa dura minimalista.<\/p>\n","protected":false},"excerpt":{"rendered":"<p>Essa edi\u00e7\u00e3o da B\u00edblia Sagrada cont\u00e9m texto b\u00edblico na tradu\u00e7\u00e3o Almeida Revista e Corrigida, capa dura minimalista.<\/p>\n","protected":false},"featured_media":343964,"comment_status":"open","ping_status":"closed","template":"","meta":[],"product_cat":[139,149],"product_tag":[],"_links":{"self":[{"href":"https:\/\/www.livrariarema.com.br\/loja\/wp-json\/wp\/v2\/product\/330201"}],"collection":[{"href":"https:\/\/www.livrariarema.com.br\/loja\/wp-json\/wp\/v2\/product"}],"about":[{"href":"https:\/\/www.livrariarema.com.br\/loja\/wp-json\/wp\/v2\/types\/product"}],"replies":[{"embeddable":true,"href":"https:\/\/www.livrariarema.com.br\/loja\/wp-json\/wp\/v2\/comments?post=330201"}],"wp:featuredmedia":[{"embeddable":true,"href":"https:\/\/www.livrariarema.com.br\/loja\/wp-json\/wp\/v2\/media\/343964"}],"wp:attachment":[{"href":"https:\/\/www.livrariarema.com.br\/loja\/wp-json\/wp\/v2\/media?parent=330201"}],"wp:term":[{"taxonomy":"product_cat","embeddable":true,"href":"https:\/\/www.livrariarema.com.br\/loja\/wp-json\/wp\/v2\/product_cat?post=330201"},{"taxonomy":"product_tag","embeddable":true,"href":"https:\/\/www.livrariarema.com.br\/loja\/wp-json\/wp\/v2\/product_tag?post=330201"}],"curies":[{"name":"wp","href":"https:\/\/api.w.org\/{rel}","templated":true}]}}