{"id":330203,"date":"2025-05-03T10:13:45","date_gmt":"2025-05-03T13:13:45","guid":{"rendered":"https:\/\/www.livrariarema.com.br\/loja\/produtos\/sem categoria\/na63m-biblia-letra-normal-capa-dura-flower-blue\/"},"modified":"2026-04-29T13:56:43","modified_gmt":"2026-04-29T16:56:43","slug":"na63m-biblia-letra-normal-capa-dura-flower-blue","status":"publish","type":"product","link":"https:\/\/www.livrariarema.com.br\/loja\/produtos\/biblias\/nova-almeida-atualizada\/na63m-biblia-letra-normal-capa-dura-flower-blue\/","title":{"rendered":"Na63m &#8211; B\u00edblia &#8211; Letra Normal &#8211; Capa Dura &#8211; Flower Blue"},"content":{"rendered":"<p>Com um visual moderno e atual, capa dura e texto b\u00edblico na Nova Almeida Atualizada (NAA), essa edi\u00e7\u00e3o \u00e9 indicada especialmente para o p\u00fablico jovem.<\/p>\n","protected":false},"excerpt":{"rendered":"<p>Com um visual moderno e atual, capa dura e texto b\u00edblico na Nova Almeida Atualizada (NAA), essa edi\u00e7\u00e3o \u00e9 indicada&hellip;<\/p>\n","protected":false},"featured_media":347611,"comment_status":"open","ping_status":"closed","template":"","meta":[],"product_cat":[139,174],"product_tag":[],"_links":{"self":[{"href":"https:\/\/www.livrariarema.com.br\/loja\/wp-json\/wp\/v2\/product\/330203"}],"collection":[{"href":"https:\/\/www.livrariarema.com.br\/loja\/wp-json\/wp\/v2\/product"}],"about":[{"href":"https:\/\/www.livrariarema.com.br\/loja\/wp-json\/wp\/v2\/types\/product"}],"replies":[{"embeddable":true,"href":"https:\/\/www.livrariarema.com.br\/loja\/wp-json\/wp\/v2\/comments?post=330203"}],"wp:featuredmedia":[{"embeddable":true,"href":"https:\/\/www.livrariarema.com.br\/loja\/wp-json\/wp\/v2\/media\/347611"}],"wp:attachment":[{"href":"https:\/\/www.livrariarema.com.br\/loja\/wp-json\/wp\/v2\/media?parent=330203"}],"wp:term":[{"taxonomy":"product_cat","embeddable":true,"href":"https:\/\/www.livrariarema.com.br\/loja\/wp-json\/wp\/v2\/product_cat?post=330203"},{"taxonomy":"product_tag","embeddable":true,"href":"https:\/\/www.livrariarema.com.br\/loja\/wp-json\/wp\/v2\/product_tag?post=330203"}],"curies":[{"name":"wp","href":"https:\/\/api.w.org\/{rel}","templated":true}]}}