{"id":330217,"date":"2025-05-03T10:14:45","date_gmt":"2025-05-03T13:14:45","guid":{"rendered":"https:\/\/www.livrariarema.com.br\/loja\/produtos\/sem categoria\/ea983tbb4-traducao-biblica-um-curso-introdutorio\/"},"modified":"2025-09-17T14:03:12","modified_gmt":"2025-09-17T17:03:12","slug":"ea983tbb4-traducao-biblica-um-curso-introdutorio","status":"publish","type":"product","link":"https:\/\/www.livrariarema.com.br\/loja\/produtos\/livros\/teologia\/ea983tbb4-traducao-biblica-um-curso-introdutorio\/","title":{"rendered":"Ea983tbb4 &#8211; Tradu\u00e7\u00e3o B\u00edblica &#8211; Um Curso Introdut\u00f3rio"},"content":{"rendered":"<p>Esta obra destina-se principalmente a pessoas interessadas em traduzir a B\u00edblia, ou partes dela, para a sua l\u00edngua materna.<\/p>\n","protected":false},"excerpt":{"rendered":"<p>Esta obra destina-se principalmente a pessoas interessadas em traduzir a B\u00edblia, ou partes dela, para a sua l\u00edngua materna.<\/p>\n","protected":false},"featured_media":337231,"comment_status":"open","ping_status":"closed","template":"","meta":[],"product_cat":[134,136],"product_tag":[],"_links":{"self":[{"href":"https:\/\/www.livrariarema.com.br\/loja\/wp-json\/wp\/v2\/product\/330217"}],"collection":[{"href":"https:\/\/www.livrariarema.com.br\/loja\/wp-json\/wp\/v2\/product"}],"about":[{"href":"https:\/\/www.livrariarema.com.br\/loja\/wp-json\/wp\/v2\/types\/product"}],"replies":[{"embeddable":true,"href":"https:\/\/www.livrariarema.com.br\/loja\/wp-json\/wp\/v2\/comments?post=330217"}],"wp:featuredmedia":[{"embeddable":true,"href":"https:\/\/www.livrariarema.com.br\/loja\/wp-json\/wp\/v2\/media\/337231"}],"wp:attachment":[{"href":"https:\/\/www.livrariarema.com.br\/loja\/wp-json\/wp\/v2\/media?parent=330217"}],"wp:term":[{"taxonomy":"product_cat","embeddable":true,"href":"https:\/\/www.livrariarema.com.br\/loja\/wp-json\/wp\/v2\/product_cat?post=330217"},{"taxonomy":"product_tag","embeddable":true,"href":"https:\/\/www.livrariarema.com.br\/loja\/wp-json\/wp\/v2\/product_tag?post=330217"}],"curies":[{"name":"wp","href":"https:\/\/api.w.org\/{rel}","templated":true}]}}