{"id":330241,"date":"2025-05-03T10:33:50","date_gmt":"2025-05-03T13:33:50","guid":{"rendered":"https:\/\/www.livrariarema.com.br\/loja\/produtos\/sem categoria\/caderno-de-ideias-lacos-e-afetos-by-sof-martins-sem-pauta\/"},"modified":"2025-10-23T15:46:21","modified_gmt":"2025-10-23T18:46:21","slug":"caderno-de-ideias-lacos-e-afetos-by-sof-martins-sem-pauta","status":"publish","type":"product","link":"https:\/\/www.livrariarema.com.br\/loja\/produtos\/papelaria\/caderno\/caderno-de-ideias-lacos-e-afetos-by-sof-martins-sem-pauta\/","title":{"rendered":"Caderno De Ideias &#8211; Lacos E Afetos By Sof Martins &#8211; Sem Pauta"},"content":{"rendered":"<p>Capa dura, miolo liso, formato 14,5 cm x 20,5 cm, 80 folhas em papel offset 120g\/m2 (a caneta n\u00e3o passa para o outro lado), encaderna\u00e7\u00e3o wire-o e el\u00e1stico para fechamento.<\/p>\n","protected":false},"excerpt":{"rendered":"<p>Capa dura, miolo liso, formato 14,5 cm x 20,5 cm, 80 folhas em papel offset 120g\/m2 (a caneta n\u00e3o passa&hellip;<\/p>\n","protected":false},"featured_media":339754,"comment_status":"open","ping_status":"closed","template":"","meta":[],"product_cat":[230,215],"product_tag":[],"_links":{"self":[{"href":"https:\/\/www.livrariarema.com.br\/loja\/wp-json\/wp\/v2\/product\/330241"}],"collection":[{"href":"https:\/\/www.livrariarema.com.br\/loja\/wp-json\/wp\/v2\/product"}],"about":[{"href":"https:\/\/www.livrariarema.com.br\/loja\/wp-json\/wp\/v2\/types\/product"}],"replies":[{"embeddable":true,"href":"https:\/\/www.livrariarema.com.br\/loja\/wp-json\/wp\/v2\/comments?post=330241"}],"wp:featuredmedia":[{"embeddable":true,"href":"https:\/\/www.livrariarema.com.br\/loja\/wp-json\/wp\/v2\/media\/339754"}],"wp:attachment":[{"href":"https:\/\/www.livrariarema.com.br\/loja\/wp-json\/wp\/v2\/media?parent=330241"}],"wp:term":[{"taxonomy":"product_cat","embeddable":true,"href":"https:\/\/www.livrariarema.com.br\/loja\/wp-json\/wp\/v2\/product_cat?post=330241"},{"taxonomy":"product_tag","embeddable":true,"href":"https:\/\/www.livrariarema.com.br\/loja\/wp-json\/wp\/v2\/product_tag?post=330241"}],"curies":[{"name":"wp","href":"https:\/\/api.w.org\/{rel}","templated":true}]}}