{"id":330243,"date":"2025-05-03T10:33:55","date_gmt":"2025-05-03T13:33:55","guid":{"rendered":"https:\/\/www.livrariarema.com.br\/loja\/produtos\/sem categoria\/caderno-de-ideias-seja-fina-ideia-sem-pauta\/"},"modified":"2025-10-23T15:46:26","modified_gmt":"2025-10-23T18:46:26","slug":"caderno-de-ideias-seja-fina-ideia-sem-pauta","status":"publish","type":"product","link":"https:\/\/www.livrariarema.com.br\/loja\/produtos\/papelaria\/caderno\/caderno-de-ideias-seja-fina-ideia-sem-pauta\/","title":{"rendered":"Caderno De Ideias &#8211; Seja + Fina Ideia &#8211; Sem Pauta"},"content":{"rendered":"<p>Feito para voc\u00ea rabiscar, escrever, desenhar, pintar e expressar suas ideias e pensamentos como sua imagina\u00e7\u00e3o mandar!<\/p>\n<p>Capa dura, miolo liso, formato 14,5 cm x 20,5 cm, 80 folhas em papel offset 120g\/m2 (a caneta n\u00e3o passa para o outro lado), encaderna\u00e7\u00e3o wire-o e el\u00e1stico para fechamento.<\/p>\n","protected":false},"excerpt":{"rendered":"<p>Feito para voc\u00ea rabiscar, escrever, desenhar, pintar e expressar suas ideias e pensamentos como sua imagina\u00e7\u00e3o mandar! Capa dura, miolo&hellip;<\/p>\n","protected":false},"featured_media":339755,"comment_status":"open","ping_status":"closed","template":"","meta":[],"product_cat":[230,215],"product_tag":[],"_links":{"self":[{"href":"https:\/\/www.livrariarema.com.br\/loja\/wp-json\/wp\/v2\/product\/330243"}],"collection":[{"href":"https:\/\/www.livrariarema.com.br\/loja\/wp-json\/wp\/v2\/product"}],"about":[{"href":"https:\/\/www.livrariarema.com.br\/loja\/wp-json\/wp\/v2\/types\/product"}],"replies":[{"embeddable":true,"href":"https:\/\/www.livrariarema.com.br\/loja\/wp-json\/wp\/v2\/comments?post=330243"}],"wp:featuredmedia":[{"embeddable":true,"href":"https:\/\/www.livrariarema.com.br\/loja\/wp-json\/wp\/v2\/media\/339755"}],"wp:attachment":[{"href":"https:\/\/www.livrariarema.com.br\/loja\/wp-json\/wp\/v2\/media?parent=330243"}],"wp:term":[{"taxonomy":"product_cat","embeddable":true,"href":"https:\/\/www.livrariarema.com.br\/loja\/wp-json\/wp\/v2\/product_cat?post=330243"},{"taxonomy":"product_tag","embeddable":true,"href":"https:\/\/www.livrariarema.com.br\/loja\/wp-json\/wp\/v2\/product_tag?post=330243"}],"curies":[{"name":"wp","href":"https:\/\/api.w.org\/{rel}","templated":true}]}}