{"id":330245,"date":"2025-05-03T10:34:00","date_gmt":"2025-05-03T13:34:00","guid":{"rendered":"https:\/\/www.livrariarema.com.br\/loja\/produtos\/sem categoria\/caderno-classico-folhas-removiveis-80-folhas-fina-ideia-organica\/"},"modified":"2025-09-06T12:03:14","modified_gmt":"2025-09-06T15:03:14","slug":"caderno-classico-folhas-removiveis-80-folhas-fina-ideia-organica","status":"publish","type":"product","link":"https:\/\/www.livrariarema.com.br\/loja\/produtos\/papelaria\/caderno\/caderno-classico-folhas-removiveis-80-folhas-fina-ideia-organica\/","title":{"rendered":"Caderno Cl\u00e1ssico Folhas Remov\u00edveis 80 Folhas &#8211; Fina Ideia &#8211; Org\u00e2nica"},"content":{"rendered":"<p>Um caderno que te ajuda na organiza\u00e7\u00e3o das anota\u00e7\u00f5es. Acrescente, mude as folhas de lugar, compre o refil a parte e personalize como quiser. Miolo super fofo, pautado e com detalhe de flores em todas as p\u00e1ginas.<\/p>\n","protected":false},"excerpt":{"rendered":"<p>Um caderno que te ajuda na organiza\u00e7\u00e3o das anota\u00e7\u00f5es. Acrescente, mude as folhas de lugar, compre o refil a parte&hellip;<\/p>\n","protected":false},"featured_media":330515,"comment_status":"open","ping_status":"closed","template":"","meta":[],"product_cat":[230,215],"product_tag":[],"_links":{"self":[{"href":"https:\/\/www.livrariarema.com.br\/loja\/wp-json\/wp\/v2\/product\/330245"}],"collection":[{"href":"https:\/\/www.livrariarema.com.br\/loja\/wp-json\/wp\/v2\/product"}],"about":[{"href":"https:\/\/www.livrariarema.com.br\/loja\/wp-json\/wp\/v2\/types\/product"}],"replies":[{"embeddable":true,"href":"https:\/\/www.livrariarema.com.br\/loja\/wp-json\/wp\/v2\/comments?post=330245"}],"wp:featuredmedia":[{"embeddable":true,"href":"https:\/\/www.livrariarema.com.br\/loja\/wp-json\/wp\/v2\/media\/330515"}],"wp:attachment":[{"href":"https:\/\/www.livrariarema.com.br\/loja\/wp-json\/wp\/v2\/media?parent=330245"}],"wp:term":[{"taxonomy":"product_cat","embeddable":true,"href":"https:\/\/www.livrariarema.com.br\/loja\/wp-json\/wp\/v2\/product_cat?post=330245"},{"taxonomy":"product_tag","embeddable":true,"href":"https:\/\/www.livrariarema.com.br\/loja\/wp-json\/wp\/v2\/product_tag?post=330245"}],"curies":[{"name":"wp","href":"https:\/\/api.w.org\/{rel}","templated":true}]}}