{"id":330247,"date":"2025-05-03T10:34:09","date_gmt":"2025-05-03T13:34:09","guid":{"rendered":"https:\/\/www.livrariarema.com.br\/loja\/produtos\/sem categoria\/caderno-argolado-seja-fina-ideia\/"},"modified":"2026-02-04T15:00:33","modified_gmt":"2026-02-04T18:00:33","slug":"caderno-argolado-seja-fina-ideia","status":"publish","type":"product","link":"https:\/\/www.livrariarema.com.br\/loja\/produtos\/papelaria\/caderno\/caderno-argolado-seja-fina-ideia\/","title":{"rendered":"Caderno Argolado &#8211; Seja + Fina Ideia"},"content":{"rendered":"<p>Caderno com ferragem 3 argolas, capa dura, com 12 divis\u00f3rias formato 17,6 cm x 23,2 cm em papel offset resistente e cores superlindas, e o lado de tr\u00e1s tem espa\u00e7o para voc\u00ea escrever ou desenhar o que quiser. Miolo no formato 16,5 cm x 23,2 cm com 80 folhas em papel offset 90 g, sendo 80 pautadas. Acompanha cartela de adesivos, envelope resistente para documentos, capa protetora transparente e um lindo marcador de p\u00e1ginas.<\/p>\n","protected":false},"excerpt":{"rendered":"<p>Caderno com ferragem 3 argolas, capa dura, com 12 divis\u00f3rias formato 17,6 cm x 23,2 cm em papel offset resistente&hellip;<\/p>\n","protected":false},"featured_media":330516,"comment_status":"open","ping_status":"closed","template":"","meta":[],"product_cat":[230,215],"product_tag":[],"_links":{"self":[{"href":"https:\/\/www.livrariarema.com.br\/loja\/wp-json\/wp\/v2\/product\/330247"}],"collection":[{"href":"https:\/\/www.livrariarema.com.br\/loja\/wp-json\/wp\/v2\/product"}],"about":[{"href":"https:\/\/www.livrariarema.com.br\/loja\/wp-json\/wp\/v2\/types\/product"}],"replies":[{"embeddable":true,"href":"https:\/\/www.livrariarema.com.br\/loja\/wp-json\/wp\/v2\/comments?post=330247"}],"wp:featuredmedia":[{"embeddable":true,"href":"https:\/\/www.livrariarema.com.br\/loja\/wp-json\/wp\/v2\/media\/330516"}],"wp:attachment":[{"href":"https:\/\/www.livrariarema.com.br\/loja\/wp-json\/wp\/v2\/media?parent=330247"}],"wp:term":[{"taxonomy":"product_cat","embeddable":true,"href":"https:\/\/www.livrariarema.com.br\/loja\/wp-json\/wp\/v2\/product_cat?post=330247"},{"taxonomy":"product_tag","embeddable":true,"href":"https:\/\/www.livrariarema.com.br\/loja\/wp-json\/wp\/v2\/product_tag?post=330247"}],"curies":[{"name":"wp","href":"https:\/\/api.w.org\/{rel}","templated":true}]}}