{"id":330256,"date":"2025-05-03T10:34:26","date_gmt":"2025-05-03T13:34:26","guid":{"rendered":"https:\/\/www.livrariarema.com.br\/loja\/produtos\/sem categoria\/caderno-de-criacao-leve-amor-folhas-pretas-sem-pautas\/"},"modified":"2025-10-23T15:43:19","modified_gmt":"2025-10-23T18:43:19","slug":"caderno-de-criacao-leve-amor-folhas-pretas-sem-pautas","status":"publish","type":"product","link":"https:\/\/www.livrariarema.com.br\/loja\/produtos\/papelaria\/caderno\/caderno-de-criacao-leve-amor-folhas-pretas-sem-pautas\/","title":{"rendered":"Caderno De Cria\u00e7\u00e3o &#8211; Leve Amor &#8211; Folhas Pretas &#8211; Sem Pautas"},"content":{"rendered":"<p>Caderno de cria\u00e7\u00e3o com folhas pretas, para voc\u00ea se divertir, desenhar e escrever.<\/p>\n","protected":false},"excerpt":{"rendered":"<p>Caderno de cria\u00e7\u00e3o com folhas pretas, para voc\u00ea se divertir, desenhar e escrever.<\/p>\n","protected":false},"featured_media":339750,"comment_status":"open","ping_status":"closed","template":"","meta":[],"product_cat":[230,215],"product_tag":[],"_links":{"self":[{"href":"https:\/\/www.livrariarema.com.br\/loja\/wp-json\/wp\/v2\/product\/330256"}],"collection":[{"href":"https:\/\/www.livrariarema.com.br\/loja\/wp-json\/wp\/v2\/product"}],"about":[{"href":"https:\/\/www.livrariarema.com.br\/loja\/wp-json\/wp\/v2\/types\/product"}],"replies":[{"embeddable":true,"href":"https:\/\/www.livrariarema.com.br\/loja\/wp-json\/wp\/v2\/comments?post=330256"}],"wp:featuredmedia":[{"embeddable":true,"href":"https:\/\/www.livrariarema.com.br\/loja\/wp-json\/wp\/v2\/media\/339750"}],"wp:attachment":[{"href":"https:\/\/www.livrariarema.com.br\/loja\/wp-json\/wp\/v2\/media?parent=330256"}],"wp:term":[{"taxonomy":"product_cat","embeddable":true,"href":"https:\/\/www.livrariarema.com.br\/loja\/wp-json\/wp\/v2\/product_cat?post=330256"},{"taxonomy":"product_tag","embeddable":true,"href":"https:\/\/www.livrariarema.com.br\/loja\/wp-json\/wp\/v2\/product_tag?post=330256"}],"curies":[{"name":"wp","href":"https:\/\/api.w.org\/{rel}","templated":true}]}}