{"id":330258,"date":"2025-05-03T10:34:32","date_gmt":"2025-05-03T13:34:32","guid":{"rendered":"https:\/\/www.livrariarema.com.br\/loja\/produtos\/sem categoria\/caderno-de-criacao-lacos-e-afetos-by-sof-martins-folhas-pretas-sem-pautas\/"},"modified":"2025-10-23T15:43:31","modified_gmt":"2025-10-23T18:43:31","slug":"caderno-de-criacao-lacos-e-afetos-by-sof-martins-folhas-pretas-sem-pautas","status":"publish","type":"product","link":"https:\/\/www.livrariarema.com.br\/loja\/produtos\/papelaria\/caderno\/caderno-de-criacao-lacos-e-afetos-by-sof-martins-folhas-pretas-sem-pautas\/","title":{"rendered":"Caderno De Cria\u00e7\u00e3o &#8211; La\u00e7os E Afetos By Sof Martins &#8211; Folhas Pretas &#8211; Sem Pautas"},"content":{"rendered":"<p>Caderno de cria\u00e7\u00e3o com folhas pretas, para voc\u00ea se divertir, desenhar e escrever.<\/p>\n<p>Capa dura, miolo com 40 folhas pretas, formato 23,5 cm x 17,5 cm, na gramatura 180 g\/m2 e encaderna\u00e7\u00e3o wire-o.<\/p>\n","protected":false},"excerpt":{"rendered":"<p>Caderno de cria\u00e7\u00e3o com folhas pretas, para voc\u00ea se divertir, desenhar e escrever. Capa dura, miolo com 40 folhas pretas,&hellip;<\/p>\n","protected":false},"featured_media":339751,"comment_status":"open","ping_status":"closed","template":"","meta":[],"product_cat":[230,215],"product_tag":[],"_links":{"self":[{"href":"https:\/\/www.livrariarema.com.br\/loja\/wp-json\/wp\/v2\/product\/330258"}],"collection":[{"href":"https:\/\/www.livrariarema.com.br\/loja\/wp-json\/wp\/v2\/product"}],"about":[{"href":"https:\/\/www.livrariarema.com.br\/loja\/wp-json\/wp\/v2\/types\/product"}],"replies":[{"embeddable":true,"href":"https:\/\/www.livrariarema.com.br\/loja\/wp-json\/wp\/v2\/comments?post=330258"}],"wp:featuredmedia":[{"embeddable":true,"href":"https:\/\/www.livrariarema.com.br\/loja\/wp-json\/wp\/v2\/media\/339751"}],"wp:attachment":[{"href":"https:\/\/www.livrariarema.com.br\/loja\/wp-json\/wp\/v2\/media?parent=330258"}],"wp:term":[{"taxonomy":"product_cat","embeddable":true,"href":"https:\/\/www.livrariarema.com.br\/loja\/wp-json\/wp\/v2\/product_cat?post=330258"},{"taxonomy":"product_tag","embeddable":true,"href":"https:\/\/www.livrariarema.com.br\/loja\/wp-json\/wp\/v2\/product_tag?post=330258"}],"curies":[{"name":"wp","href":"https:\/\/api.w.org\/{rel}","templated":true}]}}