{"id":330260,"date":"2025-05-03T10:34:36","date_gmt":"2025-05-03T13:34:36","guid":{"rendered":"https:\/\/www.livrariarema.com.br\/loja\/produtos\/sem categoria\/caderno-colegial-80-folhas-fina-ideia-organica-1-materia\/"},"modified":"2025-11-26T18:31:09","modified_gmt":"2025-11-26T21:31:09","slug":"caderno-colegial-80-folhas-fina-ideia-organica-1-materia","status":"publish","type":"product","link":"https:\/\/www.livrariarema.com.br\/loja\/produtos\/papelaria\/caderno\/caderno-colegial-80-folhas-fina-ideia-organica-1-materia\/","title":{"rendered":"Caderno Colegial 80 Folhas &#8211; Fina Ideia &#8211; Org\u00e2nica &#8211; 1 Mat\u00e9ria"},"content":{"rendered":"<p>Perfeito para anota\u00e7\u00f5es e registros do dia a dia, na escola, no trabalho ou na faculdade.<\/p>\n","protected":false},"excerpt":{"rendered":"<p>Perfeito para anota\u00e7\u00f5es e registros do dia a dia, na escola, no trabalho ou na faculdade.<\/p>\n","protected":false},"featured_media":339683,"comment_status":"open","ping_status":"closed","template":"","meta":[],"product_cat":[230,215],"product_tag":[],"_links":{"self":[{"href":"https:\/\/www.livrariarema.com.br\/loja\/wp-json\/wp\/v2\/product\/330260"}],"collection":[{"href":"https:\/\/www.livrariarema.com.br\/loja\/wp-json\/wp\/v2\/product"}],"about":[{"href":"https:\/\/www.livrariarema.com.br\/loja\/wp-json\/wp\/v2\/types\/product"}],"replies":[{"embeddable":true,"href":"https:\/\/www.livrariarema.com.br\/loja\/wp-json\/wp\/v2\/comments?post=330260"}],"wp:featuredmedia":[{"embeddable":true,"href":"https:\/\/www.livrariarema.com.br\/loja\/wp-json\/wp\/v2\/media\/339683"}],"wp:attachment":[{"href":"https:\/\/www.livrariarema.com.br\/loja\/wp-json\/wp\/v2\/media?parent=330260"}],"wp:term":[{"taxonomy":"product_cat","embeddable":true,"href":"https:\/\/www.livrariarema.com.br\/loja\/wp-json\/wp\/v2\/product_cat?post=330260"},{"taxonomy":"product_tag","embeddable":true,"href":"https:\/\/www.livrariarema.com.br\/loja\/wp-json\/wp\/v2\/product_tag?post=330260"}],"curies":[{"name":"wp","href":"https:\/\/api.w.org\/{rel}","templated":true}]}}