{"id":330262,"date":"2025-05-03T10:34:40","date_gmt":"2025-05-03T13:34:40","guid":{"rendered":"https:\/\/www.livrariarema.com.br\/loja\/produtos\/sem categoria\/caderno-colegial-80-folhas-seja-fina-ideia-1-materia\/"},"modified":"2025-12-24T11:51:25","modified_gmt":"2025-12-24T14:51:25","slug":"caderno-colegial-80-folhas-seja-fina-ideia-1-materia","status":"publish","type":"product","link":"https:\/\/www.livrariarema.com.br\/loja\/produtos\/papelaria\/caderno\/caderno-colegial-80-folhas-seja-fina-ideia-1-materia\/","title":{"rendered":"Caderno Colegial 80 Folhas &#8211; Seja + Fina Ideia &#8211; 1 Mat\u00e9ria"},"content":{"rendered":"<p>Perfeito para anota\u00e7\u00f5es e registros do dia a dia, na escola, no trabalho ou na faculdade.<\/p>\n","protected":false},"excerpt":{"rendered":"<p>Perfeito para anota\u00e7\u00f5es e registros do dia a dia, na escola, no trabalho ou na faculdade.<\/p>\n","protected":false},"featured_media":330527,"comment_status":"open","ping_status":"closed","template":"","meta":[],"product_cat":[230,215],"product_tag":[],"_links":{"self":[{"href":"https:\/\/www.livrariarema.com.br\/loja\/wp-json\/wp\/v2\/product\/330262"}],"collection":[{"href":"https:\/\/www.livrariarema.com.br\/loja\/wp-json\/wp\/v2\/product"}],"about":[{"href":"https:\/\/www.livrariarema.com.br\/loja\/wp-json\/wp\/v2\/types\/product"}],"replies":[{"embeddable":true,"href":"https:\/\/www.livrariarema.com.br\/loja\/wp-json\/wp\/v2\/comments?post=330262"}],"wp:featuredmedia":[{"embeddable":true,"href":"https:\/\/www.livrariarema.com.br\/loja\/wp-json\/wp\/v2\/media\/330527"}],"wp:attachment":[{"href":"https:\/\/www.livrariarema.com.br\/loja\/wp-json\/wp\/v2\/media?parent=330262"}],"wp:term":[{"taxonomy":"product_cat","embeddable":true,"href":"https:\/\/www.livrariarema.com.br\/loja\/wp-json\/wp\/v2\/product_cat?post=330262"},{"taxonomy":"product_tag","embeddable":true,"href":"https:\/\/www.livrariarema.com.br\/loja\/wp-json\/wp\/v2\/product_tag?post=330262"}],"curies":[{"name":"wp","href":"https:\/\/api.w.org\/{rel}","templated":true}]}}